{"id":683,"date":"2021-01-29T18:25:42","date_gmt":"2021-01-29T18:25:42","guid":{"rendered":"http:\/\/ogv-wolnzach.de\/?page_id=683"},"modified":"2021-02-25T11:46:34","modified_gmt":"2021-02-25T11:46:34","slug":"gartentipps","status":"publish","type":"page","link":"https:\/\/ogv-wolnzach.de\/?page_id=683","title":{"rendered":"Gartentipps"},"content":{"rendered":"\t\t<div data-elementor-type=\"wp-page\" data-elementor-id=\"683\" class=\"elementor elementor-683\">\n\t\t\t\t\t\t<section class=\"elementor-section elementor-top-section elementor-element elementor-element-14352cf elementor-section-boxed elementor-section-height-default elementor-section-height-default\" data-id=\"14352cf\" data-element_type=\"section\" data-e-type=\"section\">\n\t\t\t\t\t\t<div class=\"elementor-container elementor-column-gap-default\">\n\t\t\t\t\t<div class=\"elementor-column elementor-col-100 elementor-top-column elementor-element elementor-element-298dd71\" data-id=\"298dd71\" data-element_type=\"column\" data-e-type=\"column\">\n\t\t\t<div class=\"elementor-widget-wrap elementor-element-populated\">\n\t\t\t\t\t\t<div class=\"elementor-element elementor-element-efaf309 elementor-widget elementor-widget-spacer\" data-id=\"efaf309\" data-element_type=\"widget\" data-e-type=\"widget\" data-widget_type=\"spacer.default\">\n\t\t\t\t<div class=\"elementor-widget-container\">\n\t\t\t\t\t\t\t<div class=\"elementor-spacer\">\n\t\t\t<div class=\"elementor-spacer-inner\"><\/div>\n\t\t<\/div>\n\t\t\t\t\t\t<\/div>\n\t\t\t\t<\/div>\n\t\t\t\t\t<\/div>\n\t\t<\/div>\n\t\t\t\t\t<\/div>\n\t\t<\/section>\n\t\t\t\t<section class=\"elementor-section elementor-top-section elementor-element elementor-element-253ac29 elementor-section-boxed elementor-section-height-default elementor-section-height-default\" data-id=\"253ac29\" data-element_type=\"section\" data-e-type=\"section\">\n\t\t\t\t\t\t<div class=\"elementor-container elementor-column-gap-default\">\n\t\t\t\t\t<div class=\"elementor-column elementor-col-100 elementor-top-column elementor-element elementor-element-d9a52f4\" data-id=\"d9a52f4\" data-element_type=\"column\" data-e-type=\"column\">\n\t\t\t<div class=\"elementor-widget-wrap elementor-element-populated\">\n\t\t\t\t\t\t<div class=\"elementor-element elementor-element-e8d2462 elementor-widget elementor-widget-text-editor\" data-id=\"e8d2462\" data-element_type=\"widget\" data-e-type=\"widget\" data-widget_type=\"text-editor.default\">\n\t\t\t\t<div class=\"elementor-widget-container\">\n\t\t\t\t\t\t\t\t\t<p style=\"text-align: center;\">Die monatlichen Gartentipps sollen Empfehlungen zur besseren Planung der n\u00f6tigen Arbeiten im Garten geben. <br \/>Sie weisen darauf hin, wann z.B. Arbeiten wie Aussaat und Pflanzung bestimmter Gem\u00fcse oder Pflegema\u00dfnahmen wie <br \/>Schnitt von Str\u00e4uchern und B\u00e4umen am sinnvollsten sind.<\/p>\t\t\t\t\t\t\t\t<\/div>\n\t\t\t\t<\/div>\n\t\t\t\t\t<\/div>\n\t\t<\/div>\n\t\t\t\t\t<\/div>\n\t\t<\/section>\n\t\t\t\t<section class=\"elementor-section elementor-top-section elementor-element elementor-element-983d517 elementor-section-boxed elementor-section-height-default elementor-section-height-default\" data-id=\"983d517\" data-element_type=\"section\" data-e-type=\"section\">\n\t\t\t\t\t\t<div class=\"elementor-container elementor-column-gap-default\">\n\t\t\t\t\t<div class=\"elementor-column elementor-col-100 elementor-top-column elementor-element elementor-element-6a553d6\" data-id=\"6a553d6\" data-element_type=\"column\" data-e-type=\"column\">\n\t\t\t<div class=\"elementor-widget-wrap elementor-element-populated\">\n\t\t\t\t\t\t<div class=\"elementor-element elementor-element-2187f3a elementor-widget elementor-widget-spacer\" data-id=\"2187f3a\" data-element_type=\"widget\" data-e-type=\"widget\" data-widget_type=\"spacer.default\">\n\t\t\t\t<div class=\"elementor-widget-container\">\n\t\t\t\t\t\t\t<div class=\"elementor-spacer\">\n\t\t\t<div class=\"elementor-spacer-inner\"><\/div>\n\t\t<\/div>\n\t\t\t\t\t\t<\/div>\n\t\t\t\t<\/div>\n\t\t\t\t\t<\/div>\n\t\t<\/div>\n\t\t\t\t\t<\/div>\n\t\t<\/section>\n\t\t\t\t<\/div>\n\t\t","protected":false},"excerpt":{"rendered":"<p>Die monatlichen Gartentipps sollen Empfehlungen zur besseren Planung der n\u00f6tigen Arbeiten im Garten geben. Sie weisen darauf hin, wann z.B. Arbeiten wie Aussaat und Pflanzung bestimmter Gem\u00fcse oder Pflegema\u00dfnahmen wie Schnitt von Str\u00e4uchern und B\u00e4umen am sinnvollsten sind.<\/p>\n","protected":false},"author":1,"featured_media":0,"parent":0,"menu_order":0,"comment_status":"closed","ping_status":"closed","template":"","meta":{"ocean_post_layout":"","ocean_both_sidebars_style":"","ocean_both_sidebars_content_width":0,"ocean_both_sidebars_sidebars_width":0,"ocean_sidebar":"0","ocean_second_sidebar":"0","ocean_disable_margins":"enable","ocean_add_body_class":"","ocean_shortcode_before_top_bar":"","ocean_shortcode_after_top_bar":"","ocean_shortcode_before_header":"","ocean_shortcode_after_header":"","ocean_has_shortcode":"","ocean_shortcode_after_title":"","ocean_shortcode_before_footer_widgets":"","ocean_shortcode_after_footer_widgets":"","ocean_shortcode_before_footer_bottom":"","ocean_shortcode_after_footer_bottom":"","ocean_display_top_bar":"default","ocean_display_header":"default","ocean_header_style":"","ocean_center_header_left_menu":"0","ocean_custom_header_template":"0","ocean_custom_logo":0,"ocean_custom_retina_logo":0,"ocean_custom_logo_max_width":0,"ocean_custom_logo_tablet_max_width":0,"ocean_custom_logo_mobile_max_width":0,"ocean_custom_logo_max_height":0,"ocean_custom_logo_tablet_max_height":0,"ocean_custom_logo_mobile_max_height":0,"ocean_header_custom_menu":"0","ocean_menu_typo_font_family":"0","ocean_menu_typo_font_subset":"","ocean_menu_typo_font_size":0,"ocean_menu_typo_font_size_tablet":0,"ocean_menu_typo_font_size_mobile":0,"ocean_menu_typo_font_size_unit":"px","ocean_menu_typo_font_weight":"","ocean_menu_typo_font_weight_tablet":"","ocean_menu_typo_font_weight_mobile":"","ocean_menu_typo_transform":"","ocean_menu_typo_transform_tablet":"","ocean_menu_typo_transform_mobile":"","ocean_menu_typo_line_height":0,"ocean_menu_typo_line_height_tablet":0,"ocean_menu_typo_line_height_mobile":0,"ocean_menu_typo_line_height_unit":"","ocean_menu_typo_spacing":0,"ocean_menu_typo_spacing_tablet":0,"ocean_menu_typo_spacing_mobile":0,"ocean_menu_typo_spacing_unit":"","ocean_menu_link_color":"","ocean_menu_link_color_hover":"","ocean_menu_link_color_active":"","ocean_menu_link_background":"","ocean_menu_link_hover_background":"","ocean_menu_link_active_background":"","ocean_menu_social_links_bg":"","ocean_menu_social_hover_links_bg":"","ocean_menu_social_links_color":"","ocean_menu_social_hover_links_color":"","ocean_disable_title":"default","ocean_disable_heading":"default","ocean_post_title":"","ocean_post_subheading":"","ocean_post_title_style":"","ocean_post_title_background_color":"","ocean_post_title_background":0,"ocean_post_title_bg_image_position":"","ocean_post_title_bg_image_attachment":"","ocean_post_title_bg_image_repeat":"","ocean_post_title_bg_image_size":"","ocean_post_title_height":0,"ocean_post_title_bg_overlay":0.5,"ocean_post_title_bg_overlay_color":"","ocean_disable_breadcrumbs":"default","ocean_breadcrumbs_color":"","ocean_breadcrumbs_separator_color":"","ocean_breadcrumbs_links_color":"","ocean_breadcrumbs_links_hover_color":"","ocean_display_footer_widgets":"default","ocean_display_footer_bottom":"default","ocean_custom_footer_template":"0","footnotes":""},"class_list":["post-683","page","type-page","status-publish","hentry","entry"],"yoast_head":"<!-- This site is optimized with the Yoast SEO plugin v27.5 - https:\/\/yoast.com\/product\/yoast-seo-wordpress\/ -->\n<title>Gartentipps - Obst- und Gartenbauverein Wolnzach<\/title>\n<meta name=\"robots\" content=\"index, follow, max-snippet:-1, max-image-preview:large, max-video-preview:-1\" \/>\n<link rel=\"canonical\" href=\"https:\/\/ogv-wolnzach.de\/?page_id=683\" \/>\n<meta property=\"og:locale\" content=\"de_DE\" \/>\n<meta property=\"og:type\" content=\"article\" \/>\n<meta property=\"og:title\" content=\"Gartentipps - Obst- und Gartenbauverein Wolnzach\" \/>\n<meta property=\"og:description\" content=\"Die monatlichen Gartentipps sollen Empfehlungen zur besseren Planung der n\u00f6tigen Arbeiten im Garten geben. Sie weisen darauf hin, wann z.B. Arbeiten wie Aussaat und Pflanzung bestimmter Gem\u00fcse oder Pflegema\u00dfnahmen wie Schnitt von Str\u00e4uchern und B\u00e4umen am sinnvollsten sind.\" \/>\n<meta property=\"og:url\" content=\"https:\/\/ogv-wolnzach.de\/?page_id=683\" \/>\n<meta property=\"og:site_name\" content=\"Obst- und Gartenbauverein Wolnzach\" \/>\n<meta property=\"article:modified_time\" content=\"2021-02-25T11:46:34+00:00\" \/>\n<meta name=\"twitter:card\" content=\"summary_large_image\" \/>\n<meta name=\"twitter:label1\" content=\"Gesch\u00e4tzte Lesezeit\" \/>\n\t<meta name=\"twitter:data1\" content=\"1\u00a0Minute\" \/>\n<script type=\"application\/ld+json\" class=\"yoast-schema-graph\">{\"@context\":\"https:\\\/\\\/schema.org\",\"@graph\":[{\"@type\":\"WebPage\",\"@id\":\"https:\\\/\\\/ogv-wolnzach.de\\\/?page_id=683\",\"url\":\"https:\\\/\\\/ogv-wolnzach.de\\\/?page_id=683\",\"name\":\"Gartentipps - Obst- und Gartenbauverein Wolnzach\",\"isPartOf\":{\"@id\":\"https:\\\/\\\/ogv-wolnzach.de\\\/#website\"},\"datePublished\":\"2021-01-29T18:25:42+00:00\",\"dateModified\":\"2021-02-25T11:46:34+00:00\",\"breadcrumb\":{\"@id\":\"https:\\\/\\\/ogv-wolnzach.de\\\/?page_id=683#breadcrumb\"},\"inLanguage\":\"de\",\"potentialAction\":[{\"@type\":\"ReadAction\",\"target\":[\"https:\\\/\\\/ogv-wolnzach.de\\\/?page_id=683\"]}]},{\"@type\":\"BreadcrumbList\",\"@id\":\"https:\\\/\\\/ogv-wolnzach.de\\\/?page_id=683#breadcrumb\",\"itemListElement\":[{\"@type\":\"ListItem\",\"position\":1,\"name\":\"Startseite\",\"item\":\"https:\\\/\\\/ogv-wolnzach.de\\\/\"},{\"@type\":\"ListItem\",\"position\":2,\"name\":\"Gartentipps\"}]},{\"@type\":\"WebSite\",\"@id\":\"https:\\\/\\\/ogv-wolnzach.de\\\/#website\",\"url\":\"https:\\\/\\\/ogv-wolnzach.de\\\/\",\"name\":\"Obst- und Gartenbauverein Wolnzach\",\"description\":\"\",\"publisher\":{\"@id\":\"https:\\\/\\\/ogv-wolnzach.de\\\/#organization\"},\"potentialAction\":[{\"@type\":\"SearchAction\",\"target\":{\"@type\":\"EntryPoint\",\"urlTemplate\":\"https:\\\/\\\/ogv-wolnzach.de\\\/?s={search_term_string}\"},\"query-input\":{\"@type\":\"PropertyValueSpecification\",\"valueRequired\":true,\"valueName\":\"search_term_string\"}}],\"inLanguage\":\"de\"},{\"@type\":\"Organization\",\"@id\":\"https:\\\/\\\/ogv-wolnzach.de\\\/#organization\",\"name\":\"Obst- und Gartenbauverein Wolnzach\",\"url\":\"https:\\\/\\\/ogv-wolnzach.de\\\/\",\"logo\":{\"@type\":\"ImageObject\",\"inLanguage\":\"de\",\"@id\":\"https:\\\/\\\/ogv-wolnzach.de\\\/#\\\/schema\\\/logo\\\/image\\\/\",\"url\":\"https:\\\/\\\/ogv-wolnzach.de\\\/wp-content\\\/uploads\\\/2024\\\/01\\\/cropped-Logo-rund-frei-1.png\",\"contentUrl\":\"https:\\\/\\\/ogv-wolnzach.de\\\/wp-content\\\/uploads\\\/2024\\\/01\\\/cropped-Logo-rund-frei-1.png\",\"width\":987,\"height\":987,\"caption\":\"Obst- und Gartenbauverein Wolnzach\"},\"image\":{\"@id\":\"https:\\\/\\\/ogv-wolnzach.de\\\/#\\\/schema\\\/logo\\\/image\\\/\"}}]}<\/script>\n<!-- \/ Yoast SEO plugin. -->","yoast_head_json":{"title":"Gartentipps - Obst- und Gartenbauverein Wolnzach","robots":{"index":"index","follow":"follow","max-snippet":"max-snippet:-1","max-image-preview":"max-image-preview:large","max-video-preview":"max-video-preview:-1"},"canonical":"https:\/\/ogv-wolnzach.de\/?page_id=683","og_locale":"de_DE","og_type":"article","og_title":"Gartentipps - Obst- und Gartenbauverein Wolnzach","og_description":"Die monatlichen Gartentipps sollen Empfehlungen zur besseren Planung der n\u00f6tigen Arbeiten im Garten geben. Sie weisen darauf hin, wann z.B. Arbeiten wie Aussaat und Pflanzung bestimmter Gem\u00fcse oder Pflegema\u00dfnahmen wie Schnitt von Str\u00e4uchern und B\u00e4umen am sinnvollsten sind.","og_url":"https:\/\/ogv-wolnzach.de\/?page_id=683","og_site_name":"Obst- und Gartenbauverein Wolnzach","article_modified_time":"2021-02-25T11:46:34+00:00","twitter_card":"summary_large_image","twitter_misc":{"Gesch\u00e4tzte Lesezeit":"1\u00a0Minute"},"schema":{"@context":"https:\/\/schema.org","@graph":[{"@type":"WebPage","@id":"https:\/\/ogv-wolnzach.de\/?page_id=683","url":"https:\/\/ogv-wolnzach.de\/?page_id=683","name":"Gartentipps - Obst- und Gartenbauverein Wolnzach","isPartOf":{"@id":"https:\/\/ogv-wolnzach.de\/#website"},"datePublished":"2021-01-29T18:25:42+00:00","dateModified":"2021-02-25T11:46:34+00:00","breadcrumb":{"@id":"https:\/\/ogv-wolnzach.de\/?page_id=683#breadcrumb"},"inLanguage":"de","potentialAction":[{"@type":"ReadAction","target":["https:\/\/ogv-wolnzach.de\/?page_id=683"]}]},{"@type":"BreadcrumbList","@id":"https:\/\/ogv-wolnzach.de\/?page_id=683#breadcrumb","itemListElement":[{"@type":"ListItem","position":1,"name":"Startseite","item":"https:\/\/ogv-wolnzach.de\/"},{"@type":"ListItem","position":2,"name":"Gartentipps"}]},{"@type":"WebSite","@id":"https:\/\/ogv-wolnzach.de\/#website","url":"https:\/\/ogv-wolnzach.de\/","name":"Obst- und Gartenbauverein Wolnzach","description":"","publisher":{"@id":"https:\/\/ogv-wolnzach.de\/#organization"},"potentialAction":[{"@type":"SearchAction","target":{"@type":"EntryPoint","urlTemplate":"https:\/\/ogv-wolnzach.de\/?s={search_term_string}"},"query-input":{"@type":"PropertyValueSpecification","valueRequired":true,"valueName":"search_term_string"}}],"inLanguage":"de"},{"@type":"Organization","@id":"https:\/\/ogv-wolnzach.de\/#organization","name":"Obst- und Gartenbauverein Wolnzach","url":"https:\/\/ogv-wolnzach.de\/","logo":{"@type":"ImageObject","inLanguage":"de","@id":"https:\/\/ogv-wolnzach.de\/#\/schema\/logo\/image\/","url":"https:\/\/ogv-wolnzach.de\/wp-content\/uploads\/2024\/01\/cropped-Logo-rund-frei-1.png","contentUrl":"https:\/\/ogv-wolnzach.de\/wp-content\/uploads\/2024\/01\/cropped-Logo-rund-frei-1.png","width":987,"height":987,"caption":"Obst- und Gartenbauverein Wolnzach"},"image":{"@id":"https:\/\/ogv-wolnzach.de\/#\/schema\/logo\/image\/"}}]}},"_links":{"self":[{"href":"https:\/\/ogv-wolnzach.de\/index.php?rest_route=\/wp\/v2\/pages\/683","targetHints":{"allow":["GET"]}}],"collection":[{"href":"https:\/\/ogv-wolnzach.de\/index.php?rest_route=\/wp\/v2\/pages"}],"about":[{"href":"https:\/\/ogv-wolnzach.de\/index.php?rest_route=\/wp\/v2\/types\/page"}],"author":[{"embeddable":true,"href":"https:\/\/ogv-wolnzach.de\/index.php?rest_route=\/wp\/v2\/users\/1"}],"replies":[{"embeddable":true,"href":"https:\/\/ogv-wolnzach.de\/index.php?rest_route=%2Fwp%2Fv2%2Fcomments&post=683"}],"version-history":[{"count":16,"href":"https:\/\/ogv-wolnzach.de\/index.php?rest_route=\/wp\/v2\/pages\/683\/revisions"}],"predecessor-version":[{"id":739,"href":"https:\/\/ogv-wolnzach.de\/index.php?rest_route=\/wp\/v2\/pages\/683\/revisions\/739"}],"wp:attachment":[{"href":"https:\/\/ogv-wolnzach.de\/index.php?rest_route=%2Fwp%2Fv2%2Fmedia&parent=683"}],"curies":[{"name":"wp","href":"https:\/\/api.w.org\/{rel}","templated":true}]}}