{"id":43,"date":"2020-01-22T19:41:20","date_gmt":"2020-01-22T19:41:20","guid":{"rendered":"http:\/\/ogv-wolnzach.de\/?page_id=43"},"modified":"2023-10-03T19:29:23","modified_gmt":"2023-10-03T19:29:23","slug":"kindergruppe-radieserlmaeuse","status":"publish","type":"page","link":"https:\/\/ogv-wolnzach.de\/?page_id=43","title":{"rendered":"Kindergruppe Radieserlm\u00e4use"},"content":{"rendered":"\t\t<div data-elementor-type=\"wp-page\" data-elementor-id=\"43\" class=\"elementor elementor-43\">\n\t\t\t\t\t\t<section class=\"elementor-section elementor-top-section elementor-element elementor-element-e1c16b5 elementor-section-boxed elementor-section-height-default elementor-section-height-default\" data-id=\"e1c16b5\" data-element_type=\"section\" data-e-type=\"section\">\n\t\t\t\t\t\t<div class=\"elementor-container elementor-column-gap-default\">\n\t\t\t\t\t<div class=\"elementor-column elementor-col-100 elementor-top-column elementor-element elementor-element-b316f18\" data-id=\"b316f18\" data-element_type=\"column\" data-e-type=\"column\">\n\t\t\t<div class=\"elementor-widget-wrap elementor-element-populated\">\n\t\t\t\t\t\t\t<\/div>\n\t\t<\/div>\n\t\t\t\t\t<\/div>\n\t\t<\/section>\n\t\t\t\t<section class=\"elementor-section elementor-top-section elementor-element elementor-element-62d4497 elementor-section-boxed elementor-section-height-default elementor-section-height-default\" data-id=\"62d4497\" data-element_type=\"section\" data-e-type=\"section\">\n\t\t\t\t\t\t<div class=\"elementor-container elementor-column-gap-default\">\n\t\t\t\t\t<div class=\"elementor-column elementor-col-100 elementor-top-column elementor-element elementor-element-e99914f\" data-id=\"e99914f\" data-element_type=\"column\" data-e-type=\"column\">\n\t\t\t<div class=\"elementor-widget-wrap elementor-element-populated\">\n\t\t\t\t\t\t<div class=\"elementor-element elementor-element-22e880d elementor-widget elementor-widget-spacer\" data-id=\"22e880d\" data-element_type=\"widget\" data-e-type=\"widget\" data-widget_type=\"spacer.default\">\n\t\t\t\t<div class=\"elementor-widget-container\">\n\t\t\t\t\t\t\t<div class=\"elementor-spacer\">\n\t\t\t<div class=\"elementor-spacer-inner\"><\/div>\n\t\t<\/div>\n\t\t\t\t\t\t<\/div>\n\t\t\t\t<\/div>\n\t\t\t\t\t<\/div>\n\t\t<\/div>\n\t\t\t\t\t<\/div>\n\t\t<\/section>\n\t\t\t\t<section class=\"elementor-section elementor-top-section elementor-element elementor-element-bedb6da elementor-section-boxed elementor-section-height-default elementor-section-height-default\" data-id=\"bedb6da\" data-element_type=\"section\" data-e-type=\"section\">\n\t\t\t\t\t\t<div class=\"elementor-container elementor-column-gap-default\">\n\t\t\t\t\t<div class=\"elementor-column elementor-col-33 elementor-top-column elementor-element elementor-element-22dce5a\" data-id=\"22dce5a\" data-element_type=\"column\" data-e-type=\"column\">\n\t\t\t<div class=\"elementor-widget-wrap elementor-element-populated\">\n\t\t\t\t\t\t<div class=\"elementor-element elementor-element-dfa524e elementor-widget elementor-widget-image\" data-id=\"dfa524e\" data-element_type=\"widget\" data-e-type=\"widget\" data-widget_type=\"image.default\">\n\t\t\t\t<div class=\"elementor-widget-container\">\n\t\t\t\t\t\t\t\t\t\t\t\t\t\t\t<img fetchpriority=\"high\" decoding=\"async\" width=\"1024\" height=\"768\" src=\"https:\/\/ogv-wolnzach.de\/wp-content\/uploads\/2023\/09\/Gruppenfoto-1024x768.jpg\" class=\"attachment-large size-large wp-image-1994\" alt=\"\" srcset=\"https:\/\/ogv-wolnzach.de\/wp-content\/uploads\/2023\/09\/Gruppenfoto-1024x768.jpg 1024w, https:\/\/ogv-wolnzach.de\/wp-content\/uploads\/2023\/09\/Gruppenfoto-300x225.jpg 300w, https:\/\/ogv-wolnzach.de\/wp-content\/uploads\/2023\/09\/Gruppenfoto-768x576.jpg 768w, https:\/\/ogv-wolnzach.de\/wp-content\/uploads\/2023\/09\/Gruppenfoto-1536x1152.jpg 1536w, https:\/\/ogv-wolnzach.de\/wp-content\/uploads\/2023\/09\/Gruppenfoto-2048x1536.jpg 2048w\" sizes=\"(max-width: 1024px) 100vw, 1024px\" \/>\t\t\t\t\t\t\t\t\t\t\t\t\t\t\t<\/div>\n\t\t\t\t<\/div>\n\t\t\t\t\t<\/div>\n\t\t<\/div>\n\t\t\t\t<div class=\"elementor-column elementor-col-66 elementor-top-column elementor-element elementor-element-89ac082\" data-id=\"89ac082\" data-element_type=\"column\" data-e-type=\"column\">\n\t\t\t<div class=\"elementor-widget-wrap elementor-element-populated\">\n\t\t\t\t\t\t<div class=\"elementor-element elementor-element-ce54cca elementor-widget elementor-widget-heading\" data-id=\"ce54cca\" data-element_type=\"widget\" data-e-type=\"widget\" data-widget_type=\"heading.default\">\n\t\t\t\t<div class=\"elementor-widget-container\">\n\t\t\t\t\t<h2 class=\"elementor-heading-title elementor-size-default\">Radieserlm\u00e4use<\/h2>\t\t\t\t<\/div>\n\t\t\t\t<\/div>\n\t\t\t\t<div class=\"elementor-element elementor-element-c12714a elementor-widget elementor-widget-text-editor\" data-id=\"c12714a\" data-element_type=\"widget\" data-e-type=\"widget\" data-widget_type=\"text-editor.default\">\n\t\t\t\t<div class=\"elementor-widget-container\">\n\t\t\t\t\t\t\t\t\t<p>Von M\u00e4rz bis September treffen sich alle vier Wochen unsere Radieserlm\u00e4use im Vereinsgarten.<br \/>Unter der Leitung von Anna Baumgartner und ihrem Team wird Kindern im Alter von 4 bis 12 Jahren spielerisch der sinnvolle und nachhaltige Umgang mit der Natur vermittelt.\u00a0<br \/>Zudem k\u00f6nnen sie erste Erfahrungen im Anbau von Obst und Gem\u00fcse sammeln.<\/p><p>Interessierte Kinder k\u00f6nnen jederzeit zu einer Schnupperstunde vorbeikommen.<\/p><p>Anmeldungen bitte direkt bei Anna Baumgartner (<a href=\"mailto:radieserlmaeuse@ogv-wolnzach.de\">radieserlmaeuse@ogv-wolnzach.de<\/a>).<\/p>\t\t\t\t\t\t\t\t<\/div>\n\t\t\t\t<\/div>\n\t\t\t\t\t<\/div>\n\t\t<\/div>\n\t\t\t\t\t<\/div>\n\t\t<\/section>\n\t\t\t\t<section class=\"elementor-section elementor-top-section elementor-element elementor-element-1948282 elementor-section-boxed elementor-section-height-default elementor-section-height-default\" data-id=\"1948282\" data-element_type=\"section\" data-e-type=\"section\">\n\t\t\t\t\t\t<div class=\"elementor-container elementor-column-gap-default\">\n\t\t\t\t\t<div class=\"elementor-column elementor-col-100 elementor-top-column elementor-element elementor-element-5e70c96\" data-id=\"5e70c96\" data-element_type=\"column\" data-e-type=\"column\">\n\t\t\t<div class=\"elementor-widget-wrap elementor-element-populated\">\n\t\t\t\t\t\t<div class=\"elementor-element elementor-element-dc52464 elementor-widget elementor-widget-spacer\" data-id=\"dc52464\" data-element_type=\"widget\" data-e-type=\"widget\" data-widget_type=\"spacer.default\">\n\t\t\t\t<div class=\"elementor-widget-container\">\n\t\t\t\t\t\t\t<div class=\"elementor-spacer\">\n\t\t\t<div class=\"elementor-spacer-inner\"><\/div>\n\t\t<\/div>\n\t\t\t\t\t\t<\/div>\n\t\t\t\t<\/div>\n\t\t\t\t\t<\/div>\n\t\t<\/div>\n\t\t\t\t\t<\/div>\n\t\t<\/section>\n\t\t\t\t<\/div>\n\t\t","protected":false},"excerpt":{"rendered":"<p>Radieserlm\u00e4use Von M\u00e4rz bis September treffen sich alle vier Wochen unsere Radieserlm\u00e4use im Vereinsgarten.Unter der Leitung von Anna Baumgartner und ihrem Team wird Kindern im Alter von 4 bis 12 Jahren spielerisch der sinnvolle und nachhaltige Umgang mit der Natur vermittelt.\u00a0Zudem k\u00f6nnen sie erste Erfahrungen im Anbau von Obst und Gem\u00fcse sammeln. Interessierte Kinder k\u00f6nnen [&hellip;]<\/p>\n","protected":false},"author":1,"featured_media":0,"parent":0,"menu_order":0,"comment_status":"closed","ping_status":"closed","template":"","meta":{"ocean_post_layout":"","ocean_both_sidebars_style":"","ocean_both_sidebars_content_width":0,"ocean_both_sidebars_sidebars_width":0,"ocean_sidebar":"0","ocean_second_sidebar":"0","ocean_disable_margins":"enable","ocean_add_body_class":"","ocean_shortcode_before_top_bar":"","ocean_shortcode_after_top_bar":"","ocean_shortcode_before_header":"","ocean_shortcode_after_header":"","ocean_has_shortcode":"","ocean_shortcode_after_title":"","ocean_shortcode_before_footer_widgets":"","ocean_shortcode_after_footer_widgets":"","ocean_shortcode_before_footer_bottom":"","ocean_shortcode_after_footer_bottom":"","ocean_display_top_bar":"default","ocean_display_header":"default","ocean_header_style":"","ocean_center_header_left_menu":"0","ocean_custom_header_template":"0","ocean_custom_logo":0,"ocean_custom_retina_logo":0,"ocean_custom_logo_max_width":0,"ocean_custom_logo_tablet_max_width":0,"ocean_custom_logo_mobile_max_width":0,"ocean_custom_logo_max_height":0,"ocean_custom_logo_tablet_max_height":0,"ocean_custom_logo_mobile_max_height":0,"ocean_header_custom_menu":"0","ocean_menu_typo_font_family":"0","ocean_menu_typo_font_subset":"","ocean_menu_typo_font_size":0,"ocean_menu_typo_font_size_tablet":0,"ocean_menu_typo_font_size_mobile":0,"ocean_menu_typo_font_size_unit":"px","ocean_menu_typo_font_weight":"","ocean_menu_typo_font_weight_tablet":"","ocean_menu_typo_font_weight_mobile":"","ocean_menu_typo_transform":"","ocean_menu_typo_transform_tablet":"","ocean_menu_typo_transform_mobile":"","ocean_menu_typo_line_height":0,"ocean_menu_typo_line_height_tablet":0,"ocean_menu_typo_line_height_mobile":0,"ocean_menu_typo_line_height_unit":"","ocean_menu_typo_spacing":0,"ocean_menu_typo_spacing_tablet":0,"ocean_menu_typo_spacing_mobile":0,"ocean_menu_typo_spacing_unit":"","ocean_menu_link_color":"","ocean_menu_link_color_hover":"","ocean_menu_link_color_active":"","ocean_menu_link_background":"","ocean_menu_link_hover_background":"","ocean_menu_link_active_background":"","ocean_menu_social_links_bg":"","ocean_menu_social_hover_links_bg":"","ocean_menu_social_links_color":"","ocean_menu_social_hover_links_color":"","ocean_disable_title":"default","ocean_disable_heading":"default","ocean_post_title":"","ocean_post_subheading":"","ocean_post_title_style":"","ocean_post_title_background_color":"","ocean_post_title_background":0,"ocean_post_title_bg_image_position":"","ocean_post_title_bg_image_attachment":"","ocean_post_title_bg_image_repeat":"","ocean_post_title_bg_image_size":"","ocean_post_title_height":0,"ocean_post_title_bg_overlay":0.5,"ocean_post_title_bg_overlay_color":"","ocean_disable_breadcrumbs":"off","ocean_breadcrumbs_color":"","ocean_breadcrumbs_separator_color":"","ocean_breadcrumbs_links_color":"","ocean_breadcrumbs_links_hover_color":"","ocean_display_footer_widgets":"default","ocean_display_footer_bottom":"default","ocean_custom_footer_template":"0","footnotes":""},"class_list":["post-43","page","type-page","status-publish","hentry","entry"],"yoast_head":"<!-- This site is optimized with the Yoast SEO plugin v27.4 - https:\/\/yoast.com\/product\/yoast-seo-wordpress\/ -->\n<title>Kindergruppe Radieserlm\u00e4use - Obst- und Gartenbauverein Wolnzach<\/title>\n<meta name=\"robots\" content=\"index, follow, max-snippet:-1, max-image-preview:large, max-video-preview:-1\" \/>\n<link rel=\"canonical\" href=\"https:\/\/ogv-wolnzach.de\/?page_id=43\" \/>\n<meta property=\"og:locale\" content=\"de_DE\" \/>\n<meta property=\"og:type\" content=\"article\" \/>\n<meta property=\"og:title\" content=\"Kindergruppe Radieserlm\u00e4use - Obst- und Gartenbauverein Wolnzach\" \/>\n<meta property=\"og:description\" content=\"Radieserlm\u00e4use Von M\u00e4rz bis September treffen sich alle vier Wochen unsere Radieserlm\u00e4use im Vereinsgarten.Unter der Leitung von Anna Baumgartner und ihrem Team wird Kindern im Alter von 4 bis 12 Jahren spielerisch der sinnvolle und nachhaltige Umgang mit der Natur vermittelt.\u00a0Zudem k\u00f6nnen sie erste Erfahrungen im Anbau von Obst und Gem\u00fcse sammeln. Interessierte Kinder k\u00f6nnen [&hellip;]\" \/>\n<meta property=\"og:url\" content=\"https:\/\/ogv-wolnzach.de\/?page_id=43\" \/>\n<meta property=\"og:site_name\" content=\"Obst- und Gartenbauverein Wolnzach\" \/>\n<meta property=\"article:modified_time\" content=\"2023-10-03T19:29:23+00:00\" \/>\n<meta property=\"og:image\" content=\"http:\/\/ogv-wolnzach.de\/wp-content\/uploads\/2023\/09\/Gruppenfoto-1024x768.jpg\" \/>\n<meta name=\"twitter:card\" content=\"summary_large_image\" \/>\n<meta name=\"twitter:label1\" content=\"Gesch\u00e4tzte Lesezeit\" \/>\n\t<meta name=\"twitter:data1\" content=\"1\u00a0Minute\" \/>\n<script type=\"application\/ld+json\" class=\"yoast-schema-graph\">{\"@context\":\"https:\\\/\\\/schema.org\",\"@graph\":[{\"@type\":\"WebPage\",\"@id\":\"https:\\\/\\\/ogv-wolnzach.de\\\/?page_id=43\",\"url\":\"https:\\\/\\\/ogv-wolnzach.de\\\/?page_id=43\",\"name\":\"Kindergruppe Radieserlm\u00e4use - Obst- und Gartenbauverein Wolnzach\",\"isPartOf\":{\"@id\":\"https:\\\/\\\/ogv-wolnzach.de\\\/#website\"},\"primaryImageOfPage\":{\"@id\":\"https:\\\/\\\/ogv-wolnzach.de\\\/?page_id=43#primaryimage\"},\"image\":{\"@id\":\"https:\\\/\\\/ogv-wolnzach.de\\\/?page_id=43#primaryimage\"},\"thumbnailUrl\":\"http:\\\/\\\/ogv-wolnzach.de\\\/wp-content\\\/uploads\\\/2023\\\/09\\\/Gruppenfoto-1024x768.jpg\",\"datePublished\":\"2020-01-22T19:41:20+00:00\",\"dateModified\":\"2023-10-03T19:29:23+00:00\",\"breadcrumb\":{\"@id\":\"https:\\\/\\\/ogv-wolnzach.de\\\/?page_id=43#breadcrumb\"},\"inLanguage\":\"de\",\"potentialAction\":[{\"@type\":\"ReadAction\",\"target\":[\"https:\\\/\\\/ogv-wolnzach.de\\\/?page_id=43\"]}]},{\"@type\":\"ImageObject\",\"inLanguage\":\"de\",\"@id\":\"https:\\\/\\\/ogv-wolnzach.de\\\/?page_id=43#primaryimage\",\"url\":\"http:\\\/\\\/ogv-wolnzach.de\\\/wp-content\\\/uploads\\\/2023\\\/09\\\/Gruppenfoto-1024x768.jpg\",\"contentUrl\":\"http:\\\/\\\/ogv-wolnzach.de\\\/wp-content\\\/uploads\\\/2023\\\/09\\\/Gruppenfoto-1024x768.jpg\"},{\"@type\":\"BreadcrumbList\",\"@id\":\"https:\\\/\\\/ogv-wolnzach.de\\\/?page_id=43#breadcrumb\",\"itemListElement\":[{\"@type\":\"ListItem\",\"position\":1,\"name\":\"Startseite\",\"item\":\"https:\\\/\\\/ogv-wolnzach.de\\\/\"},{\"@type\":\"ListItem\",\"position\":2,\"name\":\"Kindergruppe Radieserlm\u00e4use\"}]},{\"@type\":\"WebSite\",\"@id\":\"https:\\\/\\\/ogv-wolnzach.de\\\/#website\",\"url\":\"https:\\\/\\\/ogv-wolnzach.de\\\/\",\"name\":\"Obst- und Gartenbauverein Wolnzach\",\"description\":\"\",\"publisher\":{\"@id\":\"https:\\\/\\\/ogv-wolnzach.de\\\/#organization\"},\"potentialAction\":[{\"@type\":\"SearchAction\",\"target\":{\"@type\":\"EntryPoint\",\"urlTemplate\":\"https:\\\/\\\/ogv-wolnzach.de\\\/?s={search_term_string}\"},\"query-input\":{\"@type\":\"PropertyValueSpecification\",\"valueRequired\":true,\"valueName\":\"search_term_string\"}}],\"inLanguage\":\"de\"},{\"@type\":\"Organization\",\"@id\":\"https:\\\/\\\/ogv-wolnzach.de\\\/#organization\",\"name\":\"Obst- und Gartenbauverein Wolnzach\",\"url\":\"https:\\\/\\\/ogv-wolnzach.de\\\/\",\"logo\":{\"@type\":\"ImageObject\",\"inLanguage\":\"de\",\"@id\":\"https:\\\/\\\/ogv-wolnzach.de\\\/#\\\/schema\\\/logo\\\/image\\\/\",\"url\":\"https:\\\/\\\/ogv-wolnzach.de\\\/wp-content\\\/uploads\\\/2024\\\/01\\\/cropped-Logo-rund-frei-1.png\",\"contentUrl\":\"https:\\\/\\\/ogv-wolnzach.de\\\/wp-content\\\/uploads\\\/2024\\\/01\\\/cropped-Logo-rund-frei-1.png\",\"width\":987,\"height\":987,\"caption\":\"Obst- und Gartenbauverein Wolnzach\"},\"image\":{\"@id\":\"https:\\\/\\\/ogv-wolnzach.de\\\/#\\\/schema\\\/logo\\\/image\\\/\"}}]}<\/script>\n<!-- \/ Yoast SEO plugin. -->","yoast_head_json":{"title":"Kindergruppe Radieserlm\u00e4use - Obst- und Gartenbauverein Wolnzach","robots":{"index":"index","follow":"follow","max-snippet":"max-snippet:-1","max-image-preview":"max-image-preview:large","max-video-preview":"max-video-preview:-1"},"canonical":"https:\/\/ogv-wolnzach.de\/?page_id=43","og_locale":"de_DE","og_type":"article","og_title":"Kindergruppe Radieserlm\u00e4use - Obst- und Gartenbauverein Wolnzach","og_description":"Radieserlm\u00e4use Von M\u00e4rz bis September treffen sich alle vier Wochen unsere Radieserlm\u00e4use im Vereinsgarten.Unter der Leitung von Anna Baumgartner und ihrem Team wird Kindern im Alter von 4 bis 12 Jahren spielerisch der sinnvolle und nachhaltige Umgang mit der Natur vermittelt.\u00a0Zudem k\u00f6nnen sie erste Erfahrungen im Anbau von Obst und Gem\u00fcse sammeln. Interessierte Kinder k\u00f6nnen [&hellip;]","og_url":"https:\/\/ogv-wolnzach.de\/?page_id=43","og_site_name":"Obst- und Gartenbauverein Wolnzach","article_modified_time":"2023-10-03T19:29:23+00:00","og_image":[{"url":"http:\/\/ogv-wolnzach.de\/wp-content\/uploads\/2023\/09\/Gruppenfoto-1024x768.jpg","type":"","width":"","height":""}],"twitter_card":"summary_large_image","twitter_misc":{"Gesch\u00e4tzte Lesezeit":"1\u00a0Minute"},"schema":{"@context":"https:\/\/schema.org","@graph":[{"@type":"WebPage","@id":"https:\/\/ogv-wolnzach.de\/?page_id=43","url":"https:\/\/ogv-wolnzach.de\/?page_id=43","name":"Kindergruppe Radieserlm\u00e4use - Obst- und Gartenbauverein Wolnzach","isPartOf":{"@id":"https:\/\/ogv-wolnzach.de\/#website"},"primaryImageOfPage":{"@id":"https:\/\/ogv-wolnzach.de\/?page_id=43#primaryimage"},"image":{"@id":"https:\/\/ogv-wolnzach.de\/?page_id=43#primaryimage"},"thumbnailUrl":"http:\/\/ogv-wolnzach.de\/wp-content\/uploads\/2023\/09\/Gruppenfoto-1024x768.jpg","datePublished":"2020-01-22T19:41:20+00:00","dateModified":"2023-10-03T19:29:23+00:00","breadcrumb":{"@id":"https:\/\/ogv-wolnzach.de\/?page_id=43#breadcrumb"},"inLanguage":"de","potentialAction":[{"@type":"ReadAction","target":["https:\/\/ogv-wolnzach.de\/?page_id=43"]}]},{"@type":"ImageObject","inLanguage":"de","@id":"https:\/\/ogv-wolnzach.de\/?page_id=43#primaryimage","url":"http:\/\/ogv-wolnzach.de\/wp-content\/uploads\/2023\/09\/Gruppenfoto-1024x768.jpg","contentUrl":"http:\/\/ogv-wolnzach.de\/wp-content\/uploads\/2023\/09\/Gruppenfoto-1024x768.jpg"},{"@type":"BreadcrumbList","@id":"https:\/\/ogv-wolnzach.de\/?page_id=43#breadcrumb","itemListElement":[{"@type":"ListItem","position":1,"name":"Startseite","item":"https:\/\/ogv-wolnzach.de\/"},{"@type":"ListItem","position":2,"name":"Kindergruppe Radieserlm\u00e4use"}]},{"@type":"WebSite","@id":"https:\/\/ogv-wolnzach.de\/#website","url":"https:\/\/ogv-wolnzach.de\/","name":"Obst- und Gartenbauverein Wolnzach","description":"","publisher":{"@id":"https:\/\/ogv-wolnzach.de\/#organization"},"potentialAction":[{"@type":"SearchAction","target":{"@type":"EntryPoint","urlTemplate":"https:\/\/ogv-wolnzach.de\/?s={search_term_string}"},"query-input":{"@type":"PropertyValueSpecification","valueRequired":true,"valueName":"search_term_string"}}],"inLanguage":"de"},{"@type":"Organization","@id":"https:\/\/ogv-wolnzach.de\/#organization","name":"Obst- und Gartenbauverein Wolnzach","url":"https:\/\/ogv-wolnzach.de\/","logo":{"@type":"ImageObject","inLanguage":"de","@id":"https:\/\/ogv-wolnzach.de\/#\/schema\/logo\/image\/","url":"https:\/\/ogv-wolnzach.de\/wp-content\/uploads\/2024\/01\/cropped-Logo-rund-frei-1.png","contentUrl":"https:\/\/ogv-wolnzach.de\/wp-content\/uploads\/2024\/01\/cropped-Logo-rund-frei-1.png","width":987,"height":987,"caption":"Obst- und Gartenbauverein Wolnzach"},"image":{"@id":"https:\/\/ogv-wolnzach.de\/#\/schema\/logo\/image\/"}}]}},"_links":{"self":[{"href":"https:\/\/ogv-wolnzach.de\/index.php?rest_route=\/wp\/v2\/pages\/43","targetHints":{"allow":["GET"]}}],"collection":[{"href":"https:\/\/ogv-wolnzach.de\/index.php?rest_route=\/wp\/v2\/pages"}],"about":[{"href":"https:\/\/ogv-wolnzach.de\/index.php?rest_route=\/wp\/v2\/types\/page"}],"author":[{"embeddable":true,"href":"https:\/\/ogv-wolnzach.de\/index.php?rest_route=\/wp\/v2\/users\/1"}],"replies":[{"embeddable":true,"href":"https:\/\/ogv-wolnzach.de\/index.php?rest_route=%2Fwp%2Fv2%2Fcomments&post=43"}],"version-history":[{"count":45,"href":"https:\/\/ogv-wolnzach.de\/index.php?rest_route=\/wp\/v2\/pages\/43\/revisions"}],"predecessor-version":[{"id":2015,"href":"https:\/\/ogv-wolnzach.de\/index.php?rest_route=\/wp\/v2\/pages\/43\/revisions\/2015"}],"wp:attachment":[{"href":"https:\/\/ogv-wolnzach.de\/index.php?rest_route=%2Fwp%2Fv2%2Fmedia&parent=43"}],"curies":[{"name":"wp","href":"https:\/\/api.w.org\/{rel}","templated":true}]}}