{"id":2378,"date":"2024-02-03T10:32:33","date_gmt":"2024-02-03T10:32:33","guid":{"rendered":"https:\/\/ogv-wolnzach.de\/?page_id=2378"},"modified":"2025-03-13T10:21:18","modified_gmt":"2025-03-13T10:21:18","slug":"mitgliedsantrag","status":"publish","type":"page","link":"https:\/\/ogv-wolnzach.de\/?page_id=2378","title":{"rendered":"Mitgliedsantrag"},"content":{"rendered":"\t\t<div data-elementor-type=\"wp-page\" data-elementor-id=\"2378\" class=\"elementor elementor-2378\">\n\t\t\t\t\t\t<section class=\"elementor-section elementor-top-section elementor-element elementor-element-7747e69 elementor-section-boxed elementor-section-height-default elementor-section-height-default\" data-id=\"7747e69\" data-element_type=\"section\" data-e-type=\"section\">\n\t\t\t\t\t\t<div class=\"elementor-container elementor-column-gap-default\">\n\t\t\t\t\t<div class=\"elementor-column elementor-col-100 elementor-top-column elementor-element elementor-element-6441977\" data-id=\"6441977\" data-element_type=\"column\" data-e-type=\"column\">\n\t\t\t<div class=\"elementor-widget-wrap elementor-element-populated\">\n\t\t\t\t\t\t<div class=\"elementor-element elementor-element-92371e8 elementor-widget elementor-widget-spacer\" data-id=\"92371e8\" data-element_type=\"widget\" data-e-type=\"widget\" data-widget_type=\"spacer.default\">\n\t\t\t\t<div class=\"elementor-widget-container\">\n\t\t\t\t\t\t\t<div class=\"elementor-spacer\">\n\t\t\t<div class=\"elementor-spacer-inner\"><\/div>\n\t\t<\/div>\n\t\t\t\t\t\t<\/div>\n\t\t\t\t<\/div>\n\t\t\t\t\t<\/div>\n\t\t<\/div>\n\t\t\t\t\t<\/div>\n\t\t<\/section>\n\t\t\t\t<section class=\"elementor-section elementor-top-section elementor-element elementor-element-46fa4ad elementor-section-boxed elementor-section-height-default elementor-section-height-default\" data-id=\"46fa4ad\" data-element_type=\"section\" data-e-type=\"section\">\n\t\t\t\t\t\t<div class=\"elementor-container elementor-column-gap-default\">\n\t\t\t\t\t<div class=\"elementor-column elementor-col-100 elementor-top-column elementor-element elementor-element-8aa333d\" data-id=\"8aa333d\" data-element_type=\"column\" data-e-type=\"column\">\n\t\t\t<div class=\"elementor-widget-wrap elementor-element-populated\">\n\t\t\t\t\t\t<div class=\"elementor-element elementor-element-6a83b2d elementor-widget elementor-widget-text-editor\" data-id=\"6a83b2d\" data-element_type=\"widget\" data-e-type=\"widget\" data-widget_type=\"text-editor.default\">\n\t\t\t\t<div class=\"elementor-widget-container\">\n\t\t\t\t\t\t\t\t\t<p>Jahresbeitrag (Vollzahler): 25,00 \u20ac<br \/>(inklusive der Fachzeitschrift &#8222;Der praktische Gartenratgeber&#8220; monatlich durch die Post zugestellt)<br \/>Familienmitglied: 10,00 \u20ac sowie f\u00fcr\u00a0<br \/>Kind- und Jugendmitglied: 5,00 \u20ac (ohne Fachzeitschrift)<br \/><br \/>Die Mitgliedschaft kann nur nach Ablauf eines Kalenderjahres beendet werden und muss schriftlich erfolgen.<\/p><p>\u00a0<\/p>\t\t\t\t\t\t\t\t<\/div>\n\t\t\t\t<\/div>\n\t\t\t\t\t<\/div>\n\t\t<\/div>\n\t\t\t\t\t<\/div>\n\t\t<\/section>\n\t\t\t\t<section class=\"elementor-section elementor-top-section elementor-element elementor-element-8532abc elementor-section-boxed elementor-section-height-default elementor-section-height-default\" data-id=\"8532abc\" data-element_type=\"section\" data-e-type=\"section\">\n\t\t\t\t\t\t<div class=\"elementor-container elementor-column-gap-default\">\n\t\t\t\t\t<div class=\"elementor-column elementor-col-50 elementor-top-column elementor-element elementor-element-b2e3a3a\" data-id=\"b2e3a3a\" data-element_type=\"column\" data-e-type=\"column\">\n\t\t\t<div class=\"elementor-widget-wrap elementor-element-populated\">\n\t\t\t\t\t\t<div class=\"elementor-element elementor-element-b379f3e elementor-widget elementor-widget-text-editor\" data-id=\"b379f3e\" data-element_type=\"widget\" data-e-type=\"widget\" data-widget_type=\"text-editor.default\">\n\t\t\t\t<div class=\"elementor-widget-container\">\n\t\t\t\t\t\t\t\t\t<p><strong><a href=\"http:\/\/ogv-wolnzach.de\/wp-content\/uploads\/2024\/02\/beitrittserklaerung-mit-datenschutz.pdf\" target=\"_blank\" rel=\"noopener\">Beitrittserkl\u00e4rung und SEPA-Lastschriftmandat<\/a><\/strong><\/p>\t\t\t\t\t\t\t\t<\/div>\n\t\t\t\t<\/div>\n\t\t\t\t\t<\/div>\n\t\t<\/div>\n\t\t\t\t<div class=\"elementor-column elementor-col-50 elementor-top-column elementor-element elementor-element-7da5e5b\" data-id=\"7da5e5b\" data-element_type=\"column\" data-e-type=\"column\">\n\t\t\t<div class=\"elementor-widget-wrap elementor-element-populated\">\n\t\t\t\t\t\t<div class=\"elementor-element elementor-element-e87b839 elementor-widget elementor-widget-text-editor\" data-id=\"e87b839\" data-element_type=\"widget\" data-e-type=\"widget\" data-widget_type=\"text-editor.default\">\n\t\t\t\t<div class=\"elementor-widget-container\">\n\t\t\t\t\t\t\t\t\t<p><strong><a href=\"http:\/\/ogv-wolnzach.de\/wp-content\/uploads\/2024\/02\/satzung-ogv-nov2023.pdf\" target=\"_blank\" rel=\"noopener\">Vereinssatzung<\/a><\/strong><\/p>\t\t\t\t\t\t\t\t<\/div>\n\t\t\t\t<\/div>\n\t\t\t\t\t<\/div>\n\t\t<\/div>\n\t\t\t\t\t<\/div>\n\t\t<\/section>\n\t\t\t\t<section class=\"elementor-section elementor-top-section elementor-element elementor-element-3087545 elementor-section-boxed elementor-section-height-default elementor-section-height-default\" data-id=\"3087545\" data-element_type=\"section\" data-e-type=\"section\">\n\t\t\t\t\t\t<div class=\"elementor-container elementor-column-gap-default\">\n\t\t\t\t\t<div class=\"elementor-column elementor-col-50 elementor-top-column elementor-element elementor-element-bfb1955\" data-id=\"bfb1955\" data-element_type=\"column\" data-e-type=\"column\">\n\t\t\t<div class=\"elementor-widget-wrap elementor-element-populated\">\n\t\t\t\t\t\t<div class=\"elementor-element elementor-element-96fec8b elementor-widget elementor-widget-text-editor\" data-id=\"96fec8b\" data-element_type=\"widget\" data-e-type=\"widget\" data-widget_type=\"text-editor.default\">\n\t\t\t\t<div class=\"elementor-widget-container\">\n\t\t\t\t\t\t\t\t\t<p><a href=\"http:\/\/ogv-wolnzach.de\/wp-content\/uploads\/2025\/03\/Beitrittserklaerung_mit_Datenschutz_ausfuell.pdf\" target=\"_blank\" rel=\"noopener\"><strong>Beitrittserkl\u00e4rung und SEPA-Lastschriftmandat mit Ausf\u00fcll-PDF<\/strong><\/a><\/p>\t\t\t\t\t\t\t\t<\/div>\n\t\t\t\t<\/div>\n\t\t\t\t\t<\/div>\n\t\t<\/div>\n\t\t\t\t<div class=\"elementor-column elementor-col-50 elementor-top-column elementor-element elementor-element-2eb8049\" data-id=\"2eb8049\" data-element_type=\"column\" data-e-type=\"column\">\n\t\t\t<div class=\"elementor-widget-wrap\">\n\t\t\t\t\t\t\t<\/div>\n\t\t<\/div>\n\t\t\t\t\t<\/div>\n\t\t<\/section>\n\t\t\t\t<section class=\"elementor-section elementor-top-section elementor-element elementor-element-124838d elementor-section-boxed elementor-section-height-default elementor-section-height-default\" data-id=\"124838d\" data-element_type=\"section\" data-e-type=\"section\">\n\t\t\t\t\t\t<div class=\"elementor-container elementor-column-gap-default\">\n\t\t\t\t\t<div class=\"elementor-column elementor-col-100 elementor-top-column elementor-element elementor-element-1b0f537\" data-id=\"1b0f537\" data-element_type=\"column\" data-e-type=\"column\">\n\t\t\t<div class=\"elementor-widget-wrap elementor-element-populated\">\n\t\t\t\t\t\t<div class=\"elementor-element elementor-element-d9a2f29 elementor-widget elementor-widget-spacer\" data-id=\"d9a2f29\" data-element_type=\"widget\" data-e-type=\"widget\" data-widget_type=\"spacer.default\">\n\t\t\t\t<div class=\"elementor-widget-container\">\n\t\t\t\t\t\t\t<div class=\"elementor-spacer\">\n\t\t\t<div class=\"elementor-spacer-inner\"><\/div>\n\t\t<\/div>\n\t\t\t\t\t\t<\/div>\n\t\t\t\t<\/div>\n\t\t\t\t\t<\/div>\n\t\t<\/div>\n\t\t\t\t\t<\/div>\n\t\t<\/section>\n\t\t\t\t<\/div>\n\t\t","protected":false},"excerpt":{"rendered":"<p>Jahresbeitrag (Vollzahler): 25,00 \u20ac(inklusive der Fachzeitschrift &#8222;Der praktische Gartenratgeber&#8220; monatlich durch die Post zugestellt)Familienmitglied: 10,00 \u20ac sowie f\u00fcr\u00a0Kind- und Jugendmitglied: 5,00 \u20ac (ohne Fachzeitschrift) Die Mitgliedschaft kann nur nach Ablauf eines Kalenderjahres beendet werden und muss schriftlich erfolgen. \u00a0 Beitrittserkl\u00e4rung und SEPA-Lastschriftmandat Vereinssatzung Beitrittserkl\u00e4rung und SEPA-Lastschriftmandat mit Ausf\u00fcll-PDF<\/p>\n","protected":false},"author":1,"featured_media":0,"parent":0,"menu_order":0,"comment_status":"closed","ping_status":"closed","template":"","meta":{"ocean_post_layout":"","ocean_both_sidebars_style":"","ocean_both_sidebars_content_width":0,"ocean_both_sidebars_sidebars_width":0,"ocean_sidebar":"","ocean_second_sidebar":"","ocean_disable_margins":"enable","ocean_add_body_class":"","ocean_shortcode_before_top_bar":"","ocean_shortcode_after_top_bar":"","ocean_shortcode_before_header":"","ocean_shortcode_after_header":"","ocean_has_shortcode":"","ocean_shortcode_after_title":"","ocean_shortcode_before_footer_widgets":"","ocean_shortcode_after_footer_widgets":"","ocean_shortcode_before_footer_bottom":"","ocean_shortcode_after_footer_bottom":"","ocean_display_top_bar":"default","ocean_display_header":"default","ocean_header_style":"","ocean_center_header_left_menu":"","ocean_custom_header_template":"","ocean_custom_logo":0,"ocean_custom_retina_logo":0,"ocean_custom_logo_max_width":0,"ocean_custom_logo_tablet_max_width":0,"ocean_custom_logo_mobile_max_width":0,"ocean_custom_logo_max_height":0,"ocean_custom_logo_tablet_max_height":0,"ocean_custom_logo_mobile_max_height":0,"ocean_header_custom_menu":"","ocean_menu_typo_font_family":"","ocean_menu_typo_font_subset":"","ocean_menu_typo_font_size":0,"ocean_menu_typo_font_size_tablet":0,"ocean_menu_typo_font_size_mobile":0,"ocean_menu_typo_font_size_unit":"px","ocean_menu_typo_font_weight":"","ocean_menu_typo_font_weight_tablet":"","ocean_menu_typo_font_weight_mobile":"","ocean_menu_typo_transform":"","ocean_menu_typo_transform_tablet":"","ocean_menu_typo_transform_mobile":"","ocean_menu_typo_line_height":0,"ocean_menu_typo_line_height_tablet":0,"ocean_menu_typo_line_height_mobile":0,"ocean_menu_typo_line_height_unit":"","ocean_menu_typo_spacing":0,"ocean_menu_typo_spacing_tablet":0,"ocean_menu_typo_spacing_mobile":0,"ocean_menu_typo_spacing_unit":"","ocean_menu_link_color":"","ocean_menu_link_color_hover":"","ocean_menu_link_color_active":"","ocean_menu_link_background":"","ocean_menu_link_hover_background":"","ocean_menu_link_active_background":"","ocean_menu_social_links_bg":"","ocean_menu_social_hover_links_bg":"","ocean_menu_social_links_color":"","ocean_menu_social_hover_links_color":"","ocean_disable_title":"default","ocean_disable_heading":"default","ocean_post_title":"","ocean_post_subheading":"","ocean_post_title_style":"","ocean_post_title_background_color":"","ocean_post_title_background":0,"ocean_post_title_bg_image_position":"","ocean_post_title_bg_image_attachment":"","ocean_post_title_bg_image_repeat":"","ocean_post_title_bg_image_size":"","ocean_post_title_height":0,"ocean_post_title_bg_overlay":0.5,"ocean_post_title_bg_overlay_color":"","ocean_disable_breadcrumbs":"default","ocean_breadcrumbs_color":"","ocean_breadcrumbs_separator_color":"","ocean_breadcrumbs_links_color":"","ocean_breadcrumbs_links_hover_color":"","ocean_display_footer_widgets":"default","ocean_display_footer_bottom":"default","ocean_custom_footer_template":"","footnotes":""},"class_list":["post-2378","page","type-page","status-publish","hentry","entry"],"yoast_head":"<!-- This site is optimized with the Yoast SEO plugin v27.4 - https:\/\/yoast.com\/product\/yoast-seo-wordpress\/ -->\n<title>Mitgliedsantrag - Obst- und Gartenbauverein Wolnzach<\/title>\n<meta name=\"robots\" content=\"index, follow, max-snippet:-1, max-image-preview:large, max-video-preview:-1\" \/>\n<link rel=\"canonical\" href=\"https:\/\/ogv-wolnzach.de\/?page_id=2378\" \/>\n<meta property=\"og:locale\" content=\"de_DE\" \/>\n<meta property=\"og:type\" content=\"article\" \/>\n<meta property=\"og:title\" content=\"Mitgliedsantrag - Obst- und Gartenbauverein Wolnzach\" \/>\n<meta property=\"og:description\" content=\"Jahresbeitrag (Vollzahler): 25,00 \u20ac(inklusive der Fachzeitschrift &#8222;Der praktische Gartenratgeber&#8220; monatlich durch die Post zugestellt)Familienmitglied: 10,00 \u20ac sowie f\u00fcr\u00a0Kind- und Jugendmitglied: 5,00 \u20ac (ohne Fachzeitschrift) Die Mitgliedschaft kann nur nach Ablauf eines Kalenderjahres beendet werden und muss schriftlich erfolgen. \u00a0 Beitrittserkl\u00e4rung und SEPA-Lastschriftmandat Vereinssatzung Beitrittserkl\u00e4rung und SEPA-Lastschriftmandat mit Ausf\u00fcll-PDF\" \/>\n<meta property=\"og:url\" content=\"https:\/\/ogv-wolnzach.de\/?page_id=2378\" \/>\n<meta property=\"og:site_name\" content=\"Obst- und Gartenbauverein Wolnzach\" \/>\n<meta property=\"article:modified_time\" content=\"2025-03-13T10:21:18+00:00\" \/>\n<meta name=\"twitter:card\" content=\"summary_large_image\" \/>\n<meta name=\"twitter:label1\" content=\"Gesch\u00e4tzte Lesezeit\" \/>\n\t<meta name=\"twitter:data1\" content=\"1\u00a0Minute\" \/>\n<script type=\"application\/ld+json\" class=\"yoast-schema-graph\">{\"@context\":\"https:\\\/\\\/schema.org\",\"@graph\":[{\"@type\":\"WebPage\",\"@id\":\"https:\\\/\\\/ogv-wolnzach.de\\\/?page_id=2378\",\"url\":\"https:\\\/\\\/ogv-wolnzach.de\\\/?page_id=2378\",\"name\":\"Mitgliedsantrag - Obst- und Gartenbauverein Wolnzach\",\"isPartOf\":{\"@id\":\"https:\\\/\\\/ogv-wolnzach.de\\\/#website\"},\"datePublished\":\"2024-02-03T10:32:33+00:00\",\"dateModified\":\"2025-03-13T10:21:18+00:00\",\"breadcrumb\":{\"@id\":\"https:\\\/\\\/ogv-wolnzach.de\\\/?page_id=2378#breadcrumb\"},\"inLanguage\":\"de\",\"potentialAction\":[{\"@type\":\"ReadAction\",\"target\":[\"https:\\\/\\\/ogv-wolnzach.de\\\/?page_id=2378\"]}]},{\"@type\":\"BreadcrumbList\",\"@id\":\"https:\\\/\\\/ogv-wolnzach.de\\\/?page_id=2378#breadcrumb\",\"itemListElement\":[{\"@type\":\"ListItem\",\"position\":1,\"name\":\"Startseite\",\"item\":\"https:\\\/\\\/ogv-wolnzach.de\\\/\"},{\"@type\":\"ListItem\",\"position\":2,\"name\":\"Mitgliedsantrag\"}]},{\"@type\":\"WebSite\",\"@id\":\"https:\\\/\\\/ogv-wolnzach.de\\\/#website\",\"url\":\"https:\\\/\\\/ogv-wolnzach.de\\\/\",\"name\":\"Obst- und Gartenbauverein Wolnzach\",\"description\":\"\",\"publisher\":{\"@id\":\"https:\\\/\\\/ogv-wolnzach.de\\\/#organization\"},\"potentialAction\":[{\"@type\":\"SearchAction\",\"target\":{\"@type\":\"EntryPoint\",\"urlTemplate\":\"https:\\\/\\\/ogv-wolnzach.de\\\/?s={search_term_string}\"},\"query-input\":{\"@type\":\"PropertyValueSpecification\",\"valueRequired\":true,\"valueName\":\"search_term_string\"}}],\"inLanguage\":\"de\"},{\"@type\":\"Organization\",\"@id\":\"https:\\\/\\\/ogv-wolnzach.de\\\/#organization\",\"name\":\"Obst- und Gartenbauverein Wolnzach\",\"url\":\"https:\\\/\\\/ogv-wolnzach.de\\\/\",\"logo\":{\"@type\":\"ImageObject\",\"inLanguage\":\"de\",\"@id\":\"https:\\\/\\\/ogv-wolnzach.de\\\/#\\\/schema\\\/logo\\\/image\\\/\",\"url\":\"https:\\\/\\\/ogv-wolnzach.de\\\/wp-content\\\/uploads\\\/2024\\\/01\\\/cropped-Logo-rund-frei-1.png\",\"contentUrl\":\"https:\\\/\\\/ogv-wolnzach.de\\\/wp-content\\\/uploads\\\/2024\\\/01\\\/cropped-Logo-rund-frei-1.png\",\"width\":987,\"height\":987,\"caption\":\"Obst- und Gartenbauverein Wolnzach\"},\"image\":{\"@id\":\"https:\\\/\\\/ogv-wolnzach.de\\\/#\\\/schema\\\/logo\\\/image\\\/\"}}]}<\/script>\n<!-- \/ Yoast SEO plugin. -->","yoast_head_json":{"title":"Mitgliedsantrag - Obst- und Gartenbauverein Wolnzach","robots":{"index":"index","follow":"follow","max-snippet":"max-snippet:-1","max-image-preview":"max-image-preview:large","max-video-preview":"max-video-preview:-1"},"canonical":"https:\/\/ogv-wolnzach.de\/?page_id=2378","og_locale":"de_DE","og_type":"article","og_title":"Mitgliedsantrag - Obst- und Gartenbauverein Wolnzach","og_description":"Jahresbeitrag (Vollzahler): 25,00 \u20ac(inklusive der Fachzeitschrift &#8222;Der praktische Gartenratgeber&#8220; monatlich durch die Post zugestellt)Familienmitglied: 10,00 \u20ac sowie f\u00fcr\u00a0Kind- und Jugendmitglied: 5,00 \u20ac (ohne Fachzeitschrift) Die Mitgliedschaft kann nur nach Ablauf eines Kalenderjahres beendet werden und muss schriftlich erfolgen. \u00a0 Beitrittserkl\u00e4rung und SEPA-Lastschriftmandat Vereinssatzung Beitrittserkl\u00e4rung und SEPA-Lastschriftmandat mit Ausf\u00fcll-PDF","og_url":"https:\/\/ogv-wolnzach.de\/?page_id=2378","og_site_name":"Obst- und Gartenbauverein Wolnzach","article_modified_time":"2025-03-13T10:21:18+00:00","twitter_card":"summary_large_image","twitter_misc":{"Gesch\u00e4tzte Lesezeit":"1\u00a0Minute"},"schema":{"@context":"https:\/\/schema.org","@graph":[{"@type":"WebPage","@id":"https:\/\/ogv-wolnzach.de\/?page_id=2378","url":"https:\/\/ogv-wolnzach.de\/?page_id=2378","name":"Mitgliedsantrag - Obst- und Gartenbauverein Wolnzach","isPartOf":{"@id":"https:\/\/ogv-wolnzach.de\/#website"},"datePublished":"2024-02-03T10:32:33+00:00","dateModified":"2025-03-13T10:21:18+00:00","breadcrumb":{"@id":"https:\/\/ogv-wolnzach.de\/?page_id=2378#breadcrumb"},"inLanguage":"de","potentialAction":[{"@type":"ReadAction","target":["https:\/\/ogv-wolnzach.de\/?page_id=2378"]}]},{"@type":"BreadcrumbList","@id":"https:\/\/ogv-wolnzach.de\/?page_id=2378#breadcrumb","itemListElement":[{"@type":"ListItem","position":1,"name":"Startseite","item":"https:\/\/ogv-wolnzach.de\/"},{"@type":"ListItem","position":2,"name":"Mitgliedsantrag"}]},{"@type":"WebSite","@id":"https:\/\/ogv-wolnzach.de\/#website","url":"https:\/\/ogv-wolnzach.de\/","name":"Obst- und Gartenbauverein Wolnzach","description":"","publisher":{"@id":"https:\/\/ogv-wolnzach.de\/#organization"},"potentialAction":[{"@type":"SearchAction","target":{"@type":"EntryPoint","urlTemplate":"https:\/\/ogv-wolnzach.de\/?s={search_term_string}"},"query-input":{"@type":"PropertyValueSpecification","valueRequired":true,"valueName":"search_term_string"}}],"inLanguage":"de"},{"@type":"Organization","@id":"https:\/\/ogv-wolnzach.de\/#organization","name":"Obst- und Gartenbauverein Wolnzach","url":"https:\/\/ogv-wolnzach.de\/","logo":{"@type":"ImageObject","inLanguage":"de","@id":"https:\/\/ogv-wolnzach.de\/#\/schema\/logo\/image\/","url":"https:\/\/ogv-wolnzach.de\/wp-content\/uploads\/2024\/01\/cropped-Logo-rund-frei-1.png","contentUrl":"https:\/\/ogv-wolnzach.de\/wp-content\/uploads\/2024\/01\/cropped-Logo-rund-frei-1.png","width":987,"height":987,"caption":"Obst- und Gartenbauverein Wolnzach"},"image":{"@id":"https:\/\/ogv-wolnzach.de\/#\/schema\/logo\/image\/"}}]}},"_links":{"self":[{"href":"https:\/\/ogv-wolnzach.de\/index.php?rest_route=\/wp\/v2\/pages\/2378","targetHints":{"allow":["GET"]}}],"collection":[{"href":"https:\/\/ogv-wolnzach.de\/index.php?rest_route=\/wp\/v2\/pages"}],"about":[{"href":"https:\/\/ogv-wolnzach.de\/index.php?rest_route=\/wp\/v2\/types\/page"}],"author":[{"embeddable":true,"href":"https:\/\/ogv-wolnzach.de\/index.php?rest_route=\/wp\/v2\/users\/1"}],"replies":[{"embeddable":true,"href":"https:\/\/ogv-wolnzach.de\/index.php?rest_route=%2Fwp%2Fv2%2Fcomments&post=2378"}],"version-history":[{"count":25,"href":"https:\/\/ogv-wolnzach.de\/index.php?rest_route=\/wp\/v2\/pages\/2378\/revisions"}],"predecessor-version":[{"id":2944,"href":"https:\/\/ogv-wolnzach.de\/index.php?rest_route=\/wp\/v2\/pages\/2378\/revisions\/2944"}],"wp:attachment":[{"href":"https:\/\/ogv-wolnzach.de\/index.php?rest_route=%2Fwp%2Fv2%2Fmedia&parent=2378"}],"curies":[{"name":"wp","href":"https:\/\/api.w.org\/{rel}","templated":true}]}}