{"id":204,"date":"2020-01-26T19:28:57","date_gmt":"2020-01-26T19:28:57","guid":{"rendered":"http:\/\/ogv-wolnzach.de\/?page_id=204"},"modified":"2020-02-12T19:52:00","modified_gmt":"2020-02-12T19:52:00","slug":"cookies","status":"publish","type":"page","link":"https:\/\/ogv-wolnzach.de\/?page_id=204","title":{"rendered":"Cookies"},"content":{"rendered":"\t\t<div data-elementor-type=\"wp-page\" data-elementor-id=\"204\" class=\"elementor elementor-204\">\n\t\t\t\t\t\t<section class=\"elementor-section elementor-top-section elementor-element elementor-element-a9a4c09 elementor-section-boxed elementor-section-height-default elementor-section-height-default\" data-id=\"a9a4c09\" data-element_type=\"section\" data-e-type=\"section\">\n\t\t\t\t\t\t<div class=\"elementor-container elementor-column-gap-default\">\n\t\t\t\t\t<div class=\"elementor-column elementor-col-100 elementor-top-column elementor-element elementor-element-711a6a4\" data-id=\"711a6a4\" data-element_type=\"column\" data-e-type=\"column\">\n\t\t\t<div class=\"elementor-widget-wrap elementor-element-populated\">\n\t\t\t\t\t\t<div class=\"elementor-element elementor-element-7992cb4 elementor-widget elementor-widget-text-editor\" data-id=\"7992cb4\" data-element_type=\"widget\" data-e-type=\"widget\" data-widget_type=\"text-editor.default\">\n\t\t\t\t<div class=\"elementor-widget-container\">\n\t\t\t\t\t\t\t\t\t<div class=\"sqrpara\"><p>Cookies<br \/><br \/><span style=\"font-size: 16px; color: #364e0d;\">Damit dieses Internetportal ordnungsgem\u00e4\u00df funktioniert, legen wir manchmal kleine Dateien \u2013 sogenannte Cookies \u2013 auf Ihrem Ger\u00e4t ab. Das ist bei den meisten gro\u00dfen Websites \u00fcblich.<br \/><br \/><\/span>Was sind Cookies?<br \/>Ein Cookie ist eine kleine Textdatei, die ein Webportal auf Ihrem Rechner, Tablet-Computer oder Smartphone hinterl\u00e4sst, wenn Sie es besuchen. So kann sich das Portal bestimmte Eingaben und Einstellungen (z. B. Login, Sprache, Schriftgr\u00f6\u00dfe und andere Anzeigepr\u00e4ferenzen) \u00fcber einen bestimmten Zeitraum \u201emerken\u201c, und Sie brauchen diese nicht bei jedem weiteren Besuch und beim Navigieren im Portal erneut vorzunehmen.<br \/><br \/>Wie setzen wir Cookies ein?<\/p><p>Einstellungen<br \/>Mit diesen Cookies werden auf unseren Websites Informationen zur Website-Darstellung gespeichert, wie Ihre bevorzugte Sprache oder Ihre Region. Wenn Ihre Region gespeichert wurde, zeigt eine Website beispielsweise den lokalen Wetterbericht oder lokale Verkehrsnachrichten an. Mit diesen Cookies k\u00f6nnen Sie auch die Schriftgr\u00f6\u00dfe und -art sowie andere Webseitenbereiche personalisieren.<br \/>Gehen die Informationen eines Einstellungs-Cookies verloren, wird die Verwendung der Website m\u00f6glicherweise umst\u00e4ndlicher, f\u00fchrt aber in der Regel nicht zu einen Ausfall.<br \/>In den Browsern der meisten Google-Nutzer gibt es ein Einstellungs-Cookie namens &#8222;PREF&#8220;. Ein Browser sendet dieses Cookie mit Anfragen an Google-Websites. Das PREF-Cookie speichert m\u00f6glicherweise Ihre Einstellungen und andere Informationen, insbesondere Ihre bevorzugte Sprache (z. B. Englisch), wie viele Suchergebnisse pro Seite angezeigt werden sollen (z. B. 10 oder 20) und ob der Google SafeSearch-Filter aktiviert sein soll.<br \/><br \/>Sicherheit<br \/>Wir verwenden Sicherheits-Cookies, um Nutzer zu authentifizieren, betr\u00fcgerische Verwendung von Anmeldeinformationen zu verhindern und Nutzerdaten vor dem Zugriff durch Unbefugte zu sch\u00fctzen.<br \/><br \/>Wir verwenden zum Beispiel sogenannte SID- und HSID-Cookies, die die Google-Konto-ID und den letzten Anmeldezeitpunkt eines Nutzers in digital signierter und verschl\u00fcsselter Form festhalten. Die Kombination dieser beiden Cookies erm\u00f6glicht es uns, viele Angriffsarten zu blockieren. Zum Beispiel stoppen wir Versuche, Informationen aus Formularen zu stehlen, die Sie auf Webseiten ausgef\u00fcllt haben.<br \/><br \/>Prozesse<br \/>Prozess-Cookies tragen dazu bei, dass eine Website richtig reagiert und die erwarteten Dienste bietet. Dazu z\u00e4hlen das Navigieren auf Webseiten und der Zugriff auf gesch\u00fctzte Website-Bereiche. Ohne diese Cookies funktioniert eine Website nicht richtig.<br \/><br \/>Wir verwenden beispielsweise ein Cookie namens &#8222;LBCS&#8220;, durch das in Google Docs mehrere Dokumente in einem Browser ge\u00f6ffnet werden k\u00f6nnen. Wird dieses Cookie blockiert, kann Google Docs nicht korrekt ausgef\u00fchrt werden.<br \/><br \/>Werbung<br \/>Wir verwenden Cookies, um Anzeigen f\u00fcr Nutzer ansprechender und f\u00fcr Publisher und Werbetreibende wertvoller zu gestalten. F\u00fcr gew\u00f6hnlich werden Cookies verwendet, um nutzerrelevante Anzeigen auszuw\u00e4hlen, die Berichterstellung zur Kampagnenleistung zu verbessern oder um zu vermeiden, dass ein Nutzer die gleichen Anzeigen mehrmals sieht.<br \/><br \/>Google verwendet Cookies wie das PREF-, NID- oder SID-Cookie, um Anzeigen in Google-Produkten wie der Google-Suche individuell anzupassen. Mithilfe von Cookies erfassen wir zum Beispiel Ihre neuesten Suchanfragen, Ihre bisherigen Interaktionen mit den Anzeigen eines Werbetreibenden oder den Suchergebnissen und Ihre Besuche auf der Website eines Werbetreibenden. Auf diese Weise erhalten Sie individuell zugeschnittene Werbung auf Google.<br \/><br \/>Wir verwenden Cookies auch f\u00fcr Anzeigen, die wir \u00fcberall im Web schalten. Unser wichtigstes Anzeigen-Cookie f\u00fcr Website, die nicht zu Google geh\u00f6ren, hei\u00dft &#8222;ID&#8220;. Es wird in Browsern unter der Domain doubleclick.net gespeichert. Wir verwenden auch andere Cookies, z. B. &#8222;_drt_&#8220;, &#8222;FLC&#8220; und &#8222;exchange_uid&#8220;.<br \/>Manchmal wird ein Cookie f\u00fcr die Domain der besuchten Website gesetzt. Bei unserem DoubleClick-Produkt wird m\u00f6glicherweise ein Cookie namens &#8222;__gads&#8220; f\u00fcr die Domain der besuchten Website gesetzt.<br \/>Andere Google-Produkte wie YouTube k\u00f6nnen ebenfalls DoubleClick-Cookies zur Schaltung relevanterer Anzeigen nutzen. Weitere Informationen zu Anzeigen und YouTube<br \/>Google verwendet auch Conversion-Cookies, die haupts\u00e4chlich dazu dienen, dass Werbetreibende ermitteln k\u00f6nnen, wie viele der Personen, die auf ihre Anzeigen klicken, ihre Produkte am Ende kaufen. Mit diesen Cookies k\u00f6nnen Google und der Werbetreibende feststellen, dass Sie auf die Anzeige geklickt und anschlie\u00dfend die Website des Werbetreibenden besucht haben. Conversion-Cookies werden von Google nicht f\u00fcr das Targeting interessenbezogener Anzeigen genutzt und nur f\u00fcr einen bestimmten Zeitraum gespeichert. Diese Cookies werden allgemein in der Domain googleadservices.com oder in der Domain google.com\/ads gesetzt. Daten von Conversion-Cookies werden unter Umst\u00e4nden auch in Zusammenhang mit Ihrem Google-Konto verwendet, um Conversion-Ereignisse f\u00fcr Ihre verschiedenen Ger\u00e4te zu verkn\u00fcpfen. Es werden jedoch nur aus diesen Cookies extrahierte anonyme Conversion-Daten mit Werbetreibenden geteilt.<br \/>Einige unserer Cookies k\u00f6nnen auch zur Messung von Conversion-Ereignissen verwendet werden. So k\u00f6nnen zum Beispiel DoubleClick- und Google Analytics-Cookies zu diesem Zweck genutzt und in der Domain der von Ihnen besuchten Website gesetzt werden.<br \/><br \/>Sitzungsstatus<br \/>Websites erfassen oft Informationen dar\u00fcber, wie Nutzer mit einer Website interagieren. Dazu z\u00e4hlt beispielsweise, welche Seiten Nutzer am h\u00e4ufigsten besuchen und ob sie von bestimmten Seiten Fehlermeldungen erhalten. Wir verwenden diese sogenannten &#8222;Sitzungsstatus-Cookies&#8220;, um unsere Dienste zu optimieren und so das Surfen f\u00fcr unsere Nutzer zu verbessern. Blockieren oder L\u00f6schen dieser Cookies beeintr\u00e4chtigt die Verwendung der Website jedoch nicht.<br \/><br \/>Diese Cookies k\u00f6nnen auch verwendet werden, um die Wirksamkeit von PPC- (pay per click) und Affiliate-Anzeigen anonym zu messen.<br \/><br \/>Wir verwenden zum Beispiel ein Cookie namens &#8222;recently_watched_video_id_list&#8220;, mit dem YouTube die Videos erfasst, die in einem bestimmten Browser zuletzt angesehen wurden.<br \/><br \/>Analytics<br \/>Google Analytics ist das Analyse-Tool von Google, das Website- und App-Inhabern Einblicke darin gibt, wie ihre Nutzer mit den angebotenen Ressourcen interagieren. Google Analytics verwendet m\u00f6glicherweise bestimmte Cookies, um Daten zu erheben und eine Website-Nutzungsstatistik weiterzugeben, ohne dabei Informationen zu erlangen, die einzelne Nutzer f\u00fcr Google pers\u00f6nlich identifizierbar machen.<br \/>Neben der Weitergabe von Nutzungsstatistiken kann das Google Analytics-Pixel-Tag zusammen mit einigen der oben beschriebenen Werbe-Cookies auch dazu beitragen, dass in Google-Produkten wie zum Beispiel in der Google-Suche sowie im gesamten Web relevantere Anzeigen geschaltet werden.<br \/><br \/>Weitere Informationen zu Analytics-Cookies und zum Datenschutz<br \/>Google Cookies:<br \/>__utma, unbegrenzt: Dieser Cookie beinhaltet die Informationen dar\u00fcber, wann der Besucher das erste Mal auf der Seite war, wie oft er sie besucht hat, und wann er sie das letzte Mal aufgerufen hat.<br \/>__utmb, bis zum Ende der Session: Dieser Cookie enth\u00e4lt einen Zeitstempel wann der Besucher die Seite aufgerufen hat. Zusammen mit __utmc kann dieser Cookie Auskunft \u00fcber die Aufenthaltsdauer des Besuchers auf einer Seite geben.<br \/>__utmc, 30 Minuten: Dieser Cookie enth\u00e4lt einen Zeitstempel wann der Besucher die Seite verlassen hat. Zusammen mit __utmb kann dieser Cookie Auskunft \u00fcber die Aufenthaltsdauer des Besuchers auf einer Seite geben.<br \/>__utmk, unbegrenzt: Dieser Cookie beinhaltet einen Hashwert \u00fcber alle hier genannten UTM-Cookies.<br \/>__utmv, unbegrenzt: Dieser Cookie ist f\u00fcr individuelle Inhalte gedacht, kann frei belegt werden und dient somit der Steuerung benutzerdefinierter Analysen.<br \/>__utmx, 2 Jahre: Dieser Cookie beinhaltet Werte des Google Website Optimizers.<br \/>__utmz, 6 Monate: Dieser Cookie beinhaltet Informationen dar\u00fcber, woher der Besucher kam bevor er die zu analysierende Seite aufgerufen hat. Darin k\u00f6nnen beispielsweise Informationen \u00fcber Suchmaschinen und die dort eingegebenen Suchbegriffe gespeichert sein, oder wo auf der Erde sich die aufrufende IP-Adresse befindet.<br \/><br \/>Weitere Google Cookies:<br \/>_ga, 2 Jahre: Wird verwendet, um Benutzer zu unterscheiden<br \/>_gat, 10 min: Wird verwendet um Tracker Objekte zu erzeugen.<br \/>ztdst, Sitzung; beinhaltet einen Eindeutigen Hash-Wert pro Besucher und dient zur Speicherung der _utm-Cookies von Google. Zus\u00e4tzlich wird die IP Adresse, die Browsersprache und die Einstiegsseite abgespeichert.<br \/><br \/>Kontrolle \u00fcber Cookies<br \/>Sie k\u00f6nnen Cookies nach Belieben steuern und\/oder l\u00f6schen. Wie, erfahren Sie hier: aboutcookies.org. Sie k\u00f6nnen alle auf Ihrem Rechner abgelegten Cookies l\u00f6schen und die meisten Browser so einstellen, dass die Ablage von Cookies verhindert wird. Dann m\u00fcssen Sie aber m\u00f6glicherweise einige Einstellungen bei jedem Besuch einer Seite manuell vornehmen und die Beeintr\u00e4chtigung mancher Funktionen in Kauf nehmen.<br \/><br \/>Cookies deaktivieren<br \/>Datenschutzgesetze geben Benutzern die M\u00f6glichkeit, Cookies zu deaktivieren (\u201eopt out\u201c), die bereits auf ihrem Ger\u00e4t installiert sind. Diese Option gilt f\u00fcr \u201etechnische Cookies\u201c (Art. 122 des italienischen Datenschutzgesetzes) und andere Cookies, die der Benutzer zuvor akzeptiert (\u201eopt in\u201c) hat. Der Benutzer kann Cookies anhand von Browsereinstellungen deaktivieren und\/oder l\u00f6schen (\u201eopt out\u201c)<br \/><br \/>Bestimmte Cookie-Einstellungen<br \/>Die meisten Webbrowser sehen bestimmte Cookie-Einstellungen vor, die von dir ver\u00e4nderbar sind. Man kann die Browser so einstellen, dass Cookies blockiert oder bestimmte Cookies gel\u00f6scht werden. Im Allgemeinen wird es dir auch m\u00f6glich sein, mithilfe deiner Browsereinstellungen \u00e4hnliche Technologien auf die gleiche Weise wie Cookies zu steuern. Die folgenden Links zeigen, wie die Einstellungen der \u00fcblicherweise verwendeten Browser angepasst werden k\u00f6nnen:<br \/>Internet Explorer<br \/>Firefox<br \/>Safari<br \/>Chrome<br \/>Wenn du Cookies blockierst, kann es vorkommen, dass die Funktionsf\u00e4higkeit beeintr\u00e4chtigt wird<br \/><br \/>Weitere Informationen<br \/>Weitere Informationen \u00fcber die Nutzung von Cookies und wie diese blockiert werden k\u00f6nnen, findest du unter: www.allaboutcookies.org, www.youronlinechoices.eu (Europa) oder auch www.aboutads.info\/choices\/ (USA).<\/p><\/div>\t\t\t\t\t\t\t\t<\/div>\n\t\t\t\t<\/div>\n\t\t\t\t\t<\/div>\n\t\t<\/div>\n\t\t\t\t\t<\/div>\n\t\t<\/section>\n\t\t\t\t<\/div>\n\t\t","protected":false},"excerpt":{"rendered":"<p>Cookies Damit dieses Internetportal ordnungsgem\u00e4\u00df funktioniert, legen wir manchmal kleine Dateien \u2013 sogenannte Cookies \u2013 auf Ihrem Ger\u00e4t ab. Das ist bei den meisten gro\u00dfen Websites \u00fcblich. Was sind Cookies? Ein Cookie ist eine kleine Textdatei, die ein Webportal auf Ihrem Rechner, Tablet-Computer oder Smartphone hinterl\u00e4sst, wenn Sie es besuchen. So kann sich das Portal [&hellip;]<\/p>\n","protected":false},"author":1,"featured_media":0,"parent":0,"menu_order":0,"comment_status":"closed","ping_status":"closed","template":"","meta":{"ocean_post_layout":"","ocean_both_sidebars_style":"","ocean_both_sidebars_content_width":0,"ocean_both_sidebars_sidebars_width":0,"ocean_sidebar":"0","ocean_second_sidebar":"0","ocean_disable_margins":"enable","ocean_add_body_class":"","ocean_shortcode_before_top_bar":"","ocean_shortcode_after_top_bar":"","ocean_shortcode_before_header":"","ocean_shortcode_after_header":"","ocean_has_shortcode":"","ocean_shortcode_after_title":"","ocean_shortcode_before_footer_widgets":"","ocean_shortcode_after_footer_widgets":"","ocean_shortcode_before_footer_bottom":"","ocean_shortcode_after_footer_bottom":"","ocean_display_top_bar":"default","ocean_display_header":"default","ocean_header_style":"","ocean_center_header_left_menu":"0","ocean_custom_header_template":"0","ocean_custom_logo":0,"ocean_custom_retina_logo":0,"ocean_custom_logo_max_width":0,"ocean_custom_logo_tablet_max_width":0,"ocean_custom_logo_mobile_max_width":0,"ocean_custom_logo_max_height":0,"ocean_custom_logo_tablet_max_height":0,"ocean_custom_logo_mobile_max_height":0,"ocean_header_custom_menu":"0","ocean_menu_typo_font_family":"0","ocean_menu_typo_font_subset":"","ocean_menu_typo_font_size":0,"ocean_menu_typo_font_size_tablet":0,"ocean_menu_typo_font_size_mobile":0,"ocean_menu_typo_font_size_unit":"px","ocean_menu_typo_font_weight":"","ocean_menu_typo_font_weight_tablet":"","ocean_menu_typo_font_weight_mobile":"","ocean_menu_typo_transform":"","ocean_menu_typo_transform_tablet":"","ocean_menu_typo_transform_mobile":"","ocean_menu_typo_line_height":0,"ocean_menu_typo_line_height_tablet":0,"ocean_menu_typo_line_height_mobile":0,"ocean_menu_typo_line_height_unit":"","ocean_menu_typo_spacing":0,"ocean_menu_typo_spacing_tablet":0,"ocean_menu_typo_spacing_mobile":0,"ocean_menu_typo_spacing_unit":"","ocean_menu_link_color":"","ocean_menu_link_color_hover":"","ocean_menu_link_color_active":"","ocean_menu_link_background":"","ocean_menu_link_hover_background":"","ocean_menu_link_active_background":"","ocean_menu_social_links_bg":"","ocean_menu_social_hover_links_bg":"","ocean_menu_social_links_color":"","ocean_menu_social_hover_links_color":"","ocean_disable_title":"default","ocean_disable_heading":"default","ocean_post_title":"","ocean_post_subheading":"","ocean_post_title_style":"","ocean_post_title_background_color":"","ocean_post_title_background":0,"ocean_post_title_bg_image_position":"","ocean_post_title_bg_image_attachment":"","ocean_post_title_bg_image_repeat":"","ocean_post_title_bg_image_size":"","ocean_post_title_height":0,"ocean_post_title_bg_overlay":0.5,"ocean_post_title_bg_overlay_color":"","ocean_disable_breadcrumbs":"default","ocean_breadcrumbs_color":"","ocean_breadcrumbs_separator_color":"","ocean_breadcrumbs_links_color":"","ocean_breadcrumbs_links_hover_color":"","ocean_display_footer_widgets":"default","ocean_display_footer_bottom":"default","ocean_custom_footer_template":"0","footnotes":""},"class_list":["post-204","page","type-page","status-publish","hentry","entry"],"yoast_head":"<!-- This site is optimized with the Yoast SEO plugin v27.4 - https:\/\/yoast.com\/product\/yoast-seo-wordpress\/ -->\n<title>Cookies - Obst- und Gartenbauverein Wolnzach<\/title>\n<meta name=\"robots\" content=\"index, follow, max-snippet:-1, max-image-preview:large, max-video-preview:-1\" \/>\n<link rel=\"canonical\" href=\"https:\/\/ogv-wolnzach.de\/?page_id=204\" \/>\n<meta property=\"og:locale\" content=\"de_DE\" \/>\n<meta property=\"og:type\" content=\"article\" \/>\n<meta property=\"og:title\" content=\"Cookies - Obst- und Gartenbauverein Wolnzach\" \/>\n<meta property=\"og:description\" content=\"Cookies Damit dieses Internetportal ordnungsgem\u00e4\u00df funktioniert, legen wir manchmal kleine Dateien \u2013 sogenannte Cookies \u2013 auf Ihrem Ger\u00e4t ab. Das ist bei den meisten gro\u00dfen Websites \u00fcblich. Was sind Cookies? Ein Cookie ist eine kleine Textdatei, die ein Webportal auf Ihrem Rechner, Tablet-Computer oder Smartphone hinterl\u00e4sst, wenn Sie es besuchen. So kann sich das Portal [&hellip;]\" \/>\n<meta property=\"og:url\" content=\"https:\/\/ogv-wolnzach.de\/?page_id=204\" \/>\n<meta property=\"og:site_name\" content=\"Obst- und Gartenbauverein Wolnzach\" \/>\n<meta property=\"article:modified_time\" content=\"2020-02-12T19:52:00+00:00\" \/>\n<meta name=\"twitter:card\" content=\"summary_large_image\" \/>\n<meta name=\"twitter:label1\" content=\"Gesch\u00e4tzte Lesezeit\" \/>\n\t<meta name=\"twitter:data1\" content=\"7\u00a0Minuten\" \/>\n<script type=\"application\/ld+json\" class=\"yoast-schema-graph\">{\"@context\":\"https:\\\/\\\/schema.org\",\"@graph\":[{\"@type\":\"WebPage\",\"@id\":\"https:\\\/\\\/ogv-wolnzach.de\\\/?page_id=204\",\"url\":\"https:\\\/\\\/ogv-wolnzach.de\\\/?page_id=204\",\"name\":\"Cookies - Obst- und Gartenbauverein Wolnzach\",\"isPartOf\":{\"@id\":\"https:\\\/\\\/ogv-wolnzach.de\\\/#website\"},\"datePublished\":\"2020-01-26T19:28:57+00:00\",\"dateModified\":\"2020-02-12T19:52:00+00:00\",\"breadcrumb\":{\"@id\":\"https:\\\/\\\/ogv-wolnzach.de\\\/?page_id=204#breadcrumb\"},\"inLanguage\":\"de\",\"potentialAction\":[{\"@type\":\"ReadAction\",\"target\":[\"https:\\\/\\\/ogv-wolnzach.de\\\/?page_id=204\"]}]},{\"@type\":\"BreadcrumbList\",\"@id\":\"https:\\\/\\\/ogv-wolnzach.de\\\/?page_id=204#breadcrumb\",\"itemListElement\":[{\"@type\":\"ListItem\",\"position\":1,\"name\":\"Startseite\",\"item\":\"https:\\\/\\\/ogv-wolnzach.de\\\/\"},{\"@type\":\"ListItem\",\"position\":2,\"name\":\"Cookies\"}]},{\"@type\":\"WebSite\",\"@id\":\"https:\\\/\\\/ogv-wolnzach.de\\\/#website\",\"url\":\"https:\\\/\\\/ogv-wolnzach.de\\\/\",\"name\":\"Obst- und Gartenbauverein Wolnzach\",\"description\":\"\",\"publisher\":{\"@id\":\"https:\\\/\\\/ogv-wolnzach.de\\\/#organization\"},\"potentialAction\":[{\"@type\":\"SearchAction\",\"target\":{\"@type\":\"EntryPoint\",\"urlTemplate\":\"https:\\\/\\\/ogv-wolnzach.de\\\/?s={search_term_string}\"},\"query-input\":{\"@type\":\"PropertyValueSpecification\",\"valueRequired\":true,\"valueName\":\"search_term_string\"}}],\"inLanguage\":\"de\"},{\"@type\":\"Organization\",\"@id\":\"https:\\\/\\\/ogv-wolnzach.de\\\/#organization\",\"name\":\"Obst- und Gartenbauverein Wolnzach\",\"url\":\"https:\\\/\\\/ogv-wolnzach.de\\\/\",\"logo\":{\"@type\":\"ImageObject\",\"inLanguage\":\"de\",\"@id\":\"https:\\\/\\\/ogv-wolnzach.de\\\/#\\\/schema\\\/logo\\\/image\\\/\",\"url\":\"https:\\\/\\\/ogv-wolnzach.de\\\/wp-content\\\/uploads\\\/2024\\\/01\\\/cropped-Logo-rund-frei-1.png\",\"contentUrl\":\"https:\\\/\\\/ogv-wolnzach.de\\\/wp-content\\\/uploads\\\/2024\\\/01\\\/cropped-Logo-rund-frei-1.png\",\"width\":987,\"height\":987,\"caption\":\"Obst- und Gartenbauverein Wolnzach\"},\"image\":{\"@id\":\"https:\\\/\\\/ogv-wolnzach.de\\\/#\\\/schema\\\/logo\\\/image\\\/\"}}]}<\/script>\n<!-- \/ Yoast SEO plugin. -->","yoast_head_json":{"title":"Cookies - Obst- und Gartenbauverein Wolnzach","robots":{"index":"index","follow":"follow","max-snippet":"max-snippet:-1","max-image-preview":"max-image-preview:large","max-video-preview":"max-video-preview:-1"},"canonical":"https:\/\/ogv-wolnzach.de\/?page_id=204","og_locale":"de_DE","og_type":"article","og_title":"Cookies - Obst- und Gartenbauverein Wolnzach","og_description":"Cookies Damit dieses Internetportal ordnungsgem\u00e4\u00df funktioniert, legen wir manchmal kleine Dateien \u2013 sogenannte Cookies \u2013 auf Ihrem Ger\u00e4t ab. Das ist bei den meisten gro\u00dfen Websites \u00fcblich. Was sind Cookies? Ein Cookie ist eine kleine Textdatei, die ein Webportal auf Ihrem Rechner, Tablet-Computer oder Smartphone hinterl\u00e4sst, wenn Sie es besuchen. So kann sich das Portal [&hellip;]","og_url":"https:\/\/ogv-wolnzach.de\/?page_id=204","og_site_name":"Obst- und Gartenbauverein Wolnzach","article_modified_time":"2020-02-12T19:52:00+00:00","twitter_card":"summary_large_image","twitter_misc":{"Gesch\u00e4tzte Lesezeit":"7\u00a0Minuten"},"schema":{"@context":"https:\/\/schema.org","@graph":[{"@type":"WebPage","@id":"https:\/\/ogv-wolnzach.de\/?page_id=204","url":"https:\/\/ogv-wolnzach.de\/?page_id=204","name":"Cookies - Obst- und Gartenbauverein Wolnzach","isPartOf":{"@id":"https:\/\/ogv-wolnzach.de\/#website"},"datePublished":"2020-01-26T19:28:57+00:00","dateModified":"2020-02-12T19:52:00+00:00","breadcrumb":{"@id":"https:\/\/ogv-wolnzach.de\/?page_id=204#breadcrumb"},"inLanguage":"de","potentialAction":[{"@type":"ReadAction","target":["https:\/\/ogv-wolnzach.de\/?page_id=204"]}]},{"@type":"BreadcrumbList","@id":"https:\/\/ogv-wolnzach.de\/?page_id=204#breadcrumb","itemListElement":[{"@type":"ListItem","position":1,"name":"Startseite","item":"https:\/\/ogv-wolnzach.de\/"},{"@type":"ListItem","position":2,"name":"Cookies"}]},{"@type":"WebSite","@id":"https:\/\/ogv-wolnzach.de\/#website","url":"https:\/\/ogv-wolnzach.de\/","name":"Obst- und Gartenbauverein Wolnzach","description":"","publisher":{"@id":"https:\/\/ogv-wolnzach.de\/#organization"},"potentialAction":[{"@type":"SearchAction","target":{"@type":"EntryPoint","urlTemplate":"https:\/\/ogv-wolnzach.de\/?s={search_term_string}"},"query-input":{"@type":"PropertyValueSpecification","valueRequired":true,"valueName":"search_term_string"}}],"inLanguage":"de"},{"@type":"Organization","@id":"https:\/\/ogv-wolnzach.de\/#organization","name":"Obst- und Gartenbauverein Wolnzach","url":"https:\/\/ogv-wolnzach.de\/","logo":{"@type":"ImageObject","inLanguage":"de","@id":"https:\/\/ogv-wolnzach.de\/#\/schema\/logo\/image\/","url":"https:\/\/ogv-wolnzach.de\/wp-content\/uploads\/2024\/01\/cropped-Logo-rund-frei-1.png","contentUrl":"https:\/\/ogv-wolnzach.de\/wp-content\/uploads\/2024\/01\/cropped-Logo-rund-frei-1.png","width":987,"height":987,"caption":"Obst- und Gartenbauverein Wolnzach"},"image":{"@id":"https:\/\/ogv-wolnzach.de\/#\/schema\/logo\/image\/"}}]}},"_links":{"self":[{"href":"https:\/\/ogv-wolnzach.de\/index.php?rest_route=\/wp\/v2\/pages\/204","targetHints":{"allow":["GET"]}}],"collection":[{"href":"https:\/\/ogv-wolnzach.de\/index.php?rest_route=\/wp\/v2\/pages"}],"about":[{"href":"https:\/\/ogv-wolnzach.de\/index.php?rest_route=\/wp\/v2\/types\/page"}],"author":[{"embeddable":true,"href":"https:\/\/ogv-wolnzach.de\/index.php?rest_route=\/wp\/v2\/users\/1"}],"replies":[{"embeddable":true,"href":"https:\/\/ogv-wolnzach.de\/index.php?rest_route=%2Fwp%2Fv2%2Fcomments&post=204"}],"version-history":[{"count":3,"href":"https:\/\/ogv-wolnzach.de\/index.php?rest_route=\/wp\/v2\/pages\/204\/revisions"}],"predecessor-version":[{"id":505,"href":"https:\/\/ogv-wolnzach.de\/index.php?rest_route=\/wp\/v2\/pages\/204\/revisions\/505"}],"wp:attachment":[{"href":"https:\/\/ogv-wolnzach.de\/index.php?rest_route=%2Fwp%2Fv2%2Fmedia&parent=204"}],"curies":[{"name":"wp","href":"https:\/\/api.w.org\/{rel}","templated":true}]}}