{"id":196,"date":"2020-01-26T19:13:59","date_gmt":"2020-01-26T19:13:59","guid":{"rendered":"http:\/\/ogv-wolnzach.de\/?page_id=196"},"modified":"2025-01-27T10:14:42","modified_gmt":"2025-01-27T10:14:42","slug":"impressum","status":"publish","type":"page","link":"https:\/\/ogv-wolnzach.de\/?page_id=196","title":{"rendered":"Impressum"},"content":{"rendered":"\t\t<div data-elementor-type=\"wp-page\" data-elementor-id=\"196\" class=\"elementor elementor-196\">\n\t\t\t\t\t\t<section class=\"elementor-section elementor-top-section elementor-element elementor-element-d6cdb05 elementor-section-boxed elementor-section-height-default elementor-section-height-default\" data-id=\"d6cdb05\" data-element_type=\"section\" data-e-type=\"section\">\n\t\t\t\t\t\t<div class=\"elementor-container elementor-column-gap-default\">\n\t\t\t\t\t<div class=\"elementor-column elementor-col-100 elementor-top-column elementor-element elementor-element-e030707\" data-id=\"e030707\" data-element_type=\"column\" data-e-type=\"column\">\n\t\t\t<div class=\"elementor-widget-wrap elementor-element-populated\">\n\t\t\t\t\t\t<div class=\"elementor-element elementor-element-ebeb6fb elementor-widget elementor-widget-text-editor\" data-id=\"ebeb6fb\" data-element_type=\"widget\" data-e-type=\"widget\" data-widget_type=\"text-editor.default\">\n\t\t\t\t<div class=\"elementor-widget-container\">\n\t\t\t\t\t\t\t\t\t<p><b>Impressum<\/b><\/p><p><strong>Angaben gem. \u00a7 5 Digitale Dienste Gesetz (DDG)<\/strong><\/p><p>Obst- und Gartenbauverein Wolnzach<br \/>Lindenstra\u00dfe 52<br \/>85283 Wolnzach<\/p><p><strong>Vertreten durch: <br \/><\/strong>Anna Baumgartner<br \/>Susanne Ening<br \/>Karin Schechinger-Spielberger<\/p><p><strong>Kontakt: <br \/><\/strong>Tel.: 08442\/4536<br \/>E-Mail: <a href=\"mailto:info@ogv-wolnzach.de\">info@ogv-wolnzach.de<\/a><\/p><p><strong>Verantwortlich f\u00fcr den redaktionellen Inhalt dieser Seiten:<br \/><\/strong>Anna Baumgartner<br \/>Susanne Ening<br \/><strong><br \/>Aufsichtsbeh\u00f6rde: <br \/><\/strong>Landratsamt Pfaffenhofen an der Ilm \u00a0<\/p><p>Die Europ\u00e4ische Kommission stellt eine Plattform zur Online-Streitbeilegung (OS) bereit: <br \/>http:\/\/ec.europa.eu\/consumers\/odr <br \/>Unsere E-Mail-Adresse finden Sie oben im Impressum. <br \/>Wir sind nicht bereit oder verpflichtet, an Streitbeilegungsverfahren vor einer Verbraucherschlichtungsstelle teilzunehmen.<\/p><p><strong>Haftung f\u00fcr Inhalte <br \/><\/strong>Als Diensteanbieter sind wir gem\u00e4\u00df \u00a7 7 Abs.1 DDG f\u00fcr eigene Inhalte auf diesen Seiten nach den allgemeinen Gesetzen verantwortlich. Nach \u00a7\u00a7 8 bis 10 DDG sind wir als Diensteanbieter jedoch nicht verpflichtet, \u00fcbermittelte oder gespeicherte fremde Informationen zu \u00fcberwachen oder nach Umst\u00e4nden zu forschen, die auf eine rechtswidrige T\u00e4tigkeit hinweisen. <br \/>Verpflichtungen zur Entfernung oder Sperrung der Nutzung von Informationen nach den allgemeinen Gesetzen bleiben hiervon unber\u00fchrt. Eine diesbez\u00fcgliche Haftung ist jedoch erst ab dem Zeitpunkt der Kenntnis einer konkreten Rechtsverletzung m\u00f6glich. Bei Bekanntwerden von entsprechenden Rechtsverletzungen werden wir diese Inhalte umgehend entfernen.<\/p><p><strong>Haftung f\u00fcr Links <br \/><\/strong>Unser Angebot enth\u00e4lt Links zu externen Webseiten Dritter, auf deren Inhalte wir keinen Einfluss haben. Deshalb k\u00f6nnen wir f\u00fcr diese fremden Inhalte auch keine Gew\u00e4hr \u00fcbernehmen. F\u00fcr die Inhalte der verlinkten Seiten ist stets der jeweilige Anbieter oder Betreiber der Seiten verantwortlich. Die verlinkten Seiten wurden zum Zeitpunkt der Verlinkung auf m\u00f6gliche Rechtsverst\u00f6\u00dfe \u00fcberpr\u00fcft. Rechtswidrige Inhalte waren zum Zeitpunkt der Verlinkung nicht erkennbar. <br \/>Eine permanente inhaltliche Kontrolle der verlinkten Seiten ist jedoch ohne konkrete Anhaltspunkte einer Rechtsverletzung nicht zumutbar. Bei Bekanntwerden von Rechtsverletzungen werden wir derartige Links umgehend entfernen.<\/p><p><strong>Urheberrecht <br \/><\/strong>Die durch die Seitenbetreiber erstellten Inhalte und Werke auf diesen Seiten unterliegen dem deutschen Urheberrecht. Die Vervielf\u00e4ltigung, Bearbeitung, Verbreitung und jede Art der Verwertung au\u00dferhalb der Grenzen des Urheberrechtes bed\u00fcrfen der schriftlichen Zustimmung des jeweiligen Autors bzw. Erstellers. Downloads und Kopien dieser Seite sind nur f\u00fcr den privaten, nicht kommerziellen Gebrauch gestattet. <br \/>Soweit die Inhalte auf dieser Seite nicht vom Betreiber erstellt wurden, werden die Urheberrechte Dritter beachtet. Insbesondere werden Inhalte Dritter als solche gekennzeichnet. Sollten Sie trotzdem auf eine Urheberrechtsverletzung aufmerksam werden, bitten wir um einen entsprechenden Hinweis. Bei Bekanntwerden von Rechtsverletzungen werden wir derartige Inhalte umgehend entfernen.<\/p><p><strong>Urheberrecht f\u00fcr Bilder:<br \/><\/strong>Obst- und Gartenbauverein Wolnzach<br \/>Pixabay<\/p>\t\t\t\t\t\t\t\t<\/div>\n\t\t\t\t<\/div>\n\t\t\t\t\t<\/div>\n\t\t<\/div>\n\t\t\t\t\t<\/div>\n\t\t<\/section>\n\t\t\t\t<\/div>\n\t\t","protected":false},"excerpt":{"rendered":"<p>Impressum Angaben gem. \u00a7 5 Digitale Dienste Gesetz (DDG) Obst- und Gartenbauverein WolnzachLindenstra\u00dfe 5285283 Wolnzach Vertreten durch: Anna BaumgartnerSusanne EningKarin Schechinger-Spielberger Kontakt: Tel.: 08442\/4536E-Mail: info@ogv-wolnzach.de Verantwortlich f\u00fcr den redaktionellen Inhalt dieser Seiten:Anna BaumgartnerSusanne EningAufsichtsbeh\u00f6rde: Landratsamt Pfaffenhofen an der Ilm \u00a0 Die Europ\u00e4ische Kommission stellt eine Plattform zur Online-Streitbeilegung (OS) bereit: http:\/\/ec.europa.eu\/consumers\/odr Unsere E-Mail-Adresse finden Sie [&hellip;]<\/p>\n","protected":false},"author":1,"featured_media":0,"parent":0,"menu_order":0,"comment_status":"closed","ping_status":"closed","template":"","meta":{"ocean_post_layout":"","ocean_both_sidebars_style":"","ocean_both_sidebars_content_width":0,"ocean_both_sidebars_sidebars_width":0,"ocean_sidebar":"0","ocean_second_sidebar":"0","ocean_disable_margins":"enable","ocean_add_body_class":"","ocean_shortcode_before_top_bar":"","ocean_shortcode_after_top_bar":"","ocean_shortcode_before_header":"","ocean_shortcode_after_header":"","ocean_has_shortcode":"","ocean_shortcode_after_title":"","ocean_shortcode_before_footer_widgets":"","ocean_shortcode_after_footer_widgets":"","ocean_shortcode_before_footer_bottom":"","ocean_shortcode_after_footer_bottom":"","ocean_display_top_bar":"default","ocean_display_header":"default","ocean_header_style":"","ocean_center_header_left_menu":"0","ocean_custom_header_template":"0","ocean_custom_logo":0,"ocean_custom_retina_logo":0,"ocean_custom_logo_max_width":0,"ocean_custom_logo_tablet_max_width":0,"ocean_custom_logo_mobile_max_width":0,"ocean_custom_logo_max_height":0,"ocean_custom_logo_tablet_max_height":0,"ocean_custom_logo_mobile_max_height":0,"ocean_header_custom_menu":"0","ocean_menu_typo_font_family":"0","ocean_menu_typo_font_subset":"","ocean_menu_typo_font_size":0,"ocean_menu_typo_font_size_tablet":0,"ocean_menu_typo_font_size_mobile":0,"ocean_menu_typo_font_size_unit":"px","ocean_menu_typo_font_weight":"","ocean_menu_typo_font_weight_tablet":"","ocean_menu_typo_font_weight_mobile":"","ocean_menu_typo_transform":"","ocean_menu_typo_transform_tablet":"","ocean_menu_typo_transform_mobile":"","ocean_menu_typo_line_height":0,"ocean_menu_typo_line_height_tablet":0,"ocean_menu_typo_line_height_mobile":0,"ocean_menu_typo_line_height_unit":"","ocean_menu_typo_spacing":0,"ocean_menu_typo_spacing_tablet":0,"ocean_menu_typo_spacing_mobile":0,"ocean_menu_typo_spacing_unit":"","ocean_menu_link_color":"","ocean_menu_link_color_hover":"","ocean_menu_link_color_active":"","ocean_menu_link_background":"","ocean_menu_link_hover_background":"","ocean_menu_link_active_background":"","ocean_menu_social_links_bg":"","ocean_menu_social_hover_links_bg":"","ocean_menu_social_links_color":"","ocean_menu_social_hover_links_color":"","ocean_disable_title":"default","ocean_disable_heading":"default","ocean_post_title":"","ocean_post_subheading":"","ocean_post_title_style":"","ocean_post_title_background_color":"","ocean_post_title_background":0,"ocean_post_title_bg_image_position":"","ocean_post_title_bg_image_attachment":"","ocean_post_title_bg_image_repeat":"","ocean_post_title_bg_image_size":"","ocean_post_title_height":0,"ocean_post_title_bg_overlay":0.5,"ocean_post_title_bg_overlay_color":"","ocean_disable_breadcrumbs":"default","ocean_breadcrumbs_color":"","ocean_breadcrumbs_separator_color":"","ocean_breadcrumbs_links_color":"","ocean_breadcrumbs_links_hover_color":"","ocean_display_footer_widgets":"default","ocean_display_footer_bottom":"default","ocean_custom_footer_template":"0","footnotes":""},"class_list":["post-196","page","type-page","status-publish","hentry","entry"],"yoast_head":"<!-- This site is optimized with the Yoast SEO plugin v27.4 - https:\/\/yoast.com\/product\/yoast-seo-wordpress\/ -->\n<title>Impressum - Obst- und Gartenbauverein Wolnzach<\/title>\n<meta name=\"robots\" content=\"index, follow, max-snippet:-1, max-image-preview:large, max-video-preview:-1\" \/>\n<link rel=\"canonical\" href=\"https:\/\/ogv-wolnzach.de\/?page_id=196\" \/>\n<meta property=\"og:locale\" content=\"de_DE\" \/>\n<meta property=\"og:type\" content=\"article\" \/>\n<meta property=\"og:title\" content=\"Impressum - Obst- und Gartenbauverein Wolnzach\" \/>\n<meta property=\"og:description\" content=\"Impressum Angaben gem. \u00a7 5 Digitale Dienste Gesetz (DDG) Obst- und Gartenbauverein WolnzachLindenstra\u00dfe 5285283 Wolnzach Vertreten durch: Anna BaumgartnerSusanne EningKarin Schechinger-Spielberger Kontakt: Tel.: 08442\/4536E-Mail: info@ogv-wolnzach.de Verantwortlich f\u00fcr den redaktionellen Inhalt dieser Seiten:Anna BaumgartnerSusanne EningAufsichtsbeh\u00f6rde: Landratsamt Pfaffenhofen an der Ilm \u00a0 Die Europ\u00e4ische Kommission stellt eine Plattform zur Online-Streitbeilegung (OS) bereit: http:\/\/ec.europa.eu\/consumers\/odr Unsere E-Mail-Adresse finden Sie [&hellip;]\" \/>\n<meta property=\"og:url\" content=\"https:\/\/ogv-wolnzach.de\/?page_id=196\" \/>\n<meta property=\"og:site_name\" content=\"Obst- und Gartenbauverein Wolnzach\" \/>\n<meta property=\"article:modified_time\" content=\"2025-01-27T10:14:42+00:00\" \/>\n<meta name=\"twitter:card\" content=\"summary_large_image\" \/>\n<meta name=\"twitter:label1\" content=\"Gesch\u00e4tzte Lesezeit\" \/>\n\t<meta name=\"twitter:data1\" content=\"3\u00a0Minuten\" \/>\n<script type=\"application\/ld+json\" class=\"yoast-schema-graph\">{\"@context\":\"https:\\\/\\\/schema.org\",\"@graph\":[{\"@type\":\"WebPage\",\"@id\":\"https:\\\/\\\/ogv-wolnzach.de\\\/?page_id=196\",\"url\":\"https:\\\/\\\/ogv-wolnzach.de\\\/?page_id=196\",\"name\":\"Impressum - Obst- und Gartenbauverein Wolnzach\",\"isPartOf\":{\"@id\":\"https:\\\/\\\/ogv-wolnzach.de\\\/#website\"},\"datePublished\":\"2020-01-26T19:13:59+00:00\",\"dateModified\":\"2025-01-27T10:14:42+00:00\",\"breadcrumb\":{\"@id\":\"https:\\\/\\\/ogv-wolnzach.de\\\/?page_id=196#breadcrumb\"},\"inLanguage\":\"de\",\"potentialAction\":[{\"@type\":\"ReadAction\",\"target\":[\"https:\\\/\\\/ogv-wolnzach.de\\\/?page_id=196\"]}]},{\"@type\":\"BreadcrumbList\",\"@id\":\"https:\\\/\\\/ogv-wolnzach.de\\\/?page_id=196#breadcrumb\",\"itemListElement\":[{\"@type\":\"ListItem\",\"position\":1,\"name\":\"Startseite\",\"item\":\"https:\\\/\\\/ogv-wolnzach.de\\\/\"},{\"@type\":\"ListItem\",\"position\":2,\"name\":\"Impressum\"}]},{\"@type\":\"WebSite\",\"@id\":\"https:\\\/\\\/ogv-wolnzach.de\\\/#website\",\"url\":\"https:\\\/\\\/ogv-wolnzach.de\\\/\",\"name\":\"Obst- und Gartenbauverein Wolnzach\",\"description\":\"\",\"publisher\":{\"@id\":\"https:\\\/\\\/ogv-wolnzach.de\\\/#organization\"},\"potentialAction\":[{\"@type\":\"SearchAction\",\"target\":{\"@type\":\"EntryPoint\",\"urlTemplate\":\"https:\\\/\\\/ogv-wolnzach.de\\\/?s={search_term_string}\"},\"query-input\":{\"@type\":\"PropertyValueSpecification\",\"valueRequired\":true,\"valueName\":\"search_term_string\"}}],\"inLanguage\":\"de\"},{\"@type\":\"Organization\",\"@id\":\"https:\\\/\\\/ogv-wolnzach.de\\\/#organization\",\"name\":\"Obst- und Gartenbauverein Wolnzach\",\"url\":\"https:\\\/\\\/ogv-wolnzach.de\\\/\",\"logo\":{\"@type\":\"ImageObject\",\"inLanguage\":\"de\",\"@id\":\"https:\\\/\\\/ogv-wolnzach.de\\\/#\\\/schema\\\/logo\\\/image\\\/\",\"url\":\"https:\\\/\\\/ogv-wolnzach.de\\\/wp-content\\\/uploads\\\/2024\\\/01\\\/cropped-Logo-rund-frei-1.png\",\"contentUrl\":\"https:\\\/\\\/ogv-wolnzach.de\\\/wp-content\\\/uploads\\\/2024\\\/01\\\/cropped-Logo-rund-frei-1.png\",\"width\":987,\"height\":987,\"caption\":\"Obst- und Gartenbauverein Wolnzach\"},\"image\":{\"@id\":\"https:\\\/\\\/ogv-wolnzach.de\\\/#\\\/schema\\\/logo\\\/image\\\/\"}}]}<\/script>\n<!-- \/ Yoast SEO plugin. -->","yoast_head_json":{"title":"Impressum - Obst- und Gartenbauverein Wolnzach","robots":{"index":"index","follow":"follow","max-snippet":"max-snippet:-1","max-image-preview":"max-image-preview:large","max-video-preview":"max-video-preview:-1"},"canonical":"https:\/\/ogv-wolnzach.de\/?page_id=196","og_locale":"de_DE","og_type":"article","og_title":"Impressum - Obst- und Gartenbauverein Wolnzach","og_description":"Impressum Angaben gem. \u00a7 5 Digitale Dienste Gesetz (DDG) Obst- und Gartenbauverein WolnzachLindenstra\u00dfe 5285283 Wolnzach Vertreten durch: Anna BaumgartnerSusanne EningKarin Schechinger-Spielberger Kontakt: Tel.: 08442\/4536E-Mail: info@ogv-wolnzach.de Verantwortlich f\u00fcr den redaktionellen Inhalt dieser Seiten:Anna BaumgartnerSusanne EningAufsichtsbeh\u00f6rde: Landratsamt Pfaffenhofen an der Ilm \u00a0 Die Europ\u00e4ische Kommission stellt eine Plattform zur Online-Streitbeilegung (OS) bereit: http:\/\/ec.europa.eu\/consumers\/odr Unsere E-Mail-Adresse finden Sie [&hellip;]","og_url":"https:\/\/ogv-wolnzach.de\/?page_id=196","og_site_name":"Obst- und Gartenbauverein Wolnzach","article_modified_time":"2025-01-27T10:14:42+00:00","twitter_card":"summary_large_image","twitter_misc":{"Gesch\u00e4tzte Lesezeit":"3\u00a0Minuten"},"schema":{"@context":"https:\/\/schema.org","@graph":[{"@type":"WebPage","@id":"https:\/\/ogv-wolnzach.de\/?page_id=196","url":"https:\/\/ogv-wolnzach.de\/?page_id=196","name":"Impressum - Obst- und Gartenbauverein Wolnzach","isPartOf":{"@id":"https:\/\/ogv-wolnzach.de\/#website"},"datePublished":"2020-01-26T19:13:59+00:00","dateModified":"2025-01-27T10:14:42+00:00","breadcrumb":{"@id":"https:\/\/ogv-wolnzach.de\/?page_id=196#breadcrumb"},"inLanguage":"de","potentialAction":[{"@type":"ReadAction","target":["https:\/\/ogv-wolnzach.de\/?page_id=196"]}]},{"@type":"BreadcrumbList","@id":"https:\/\/ogv-wolnzach.de\/?page_id=196#breadcrumb","itemListElement":[{"@type":"ListItem","position":1,"name":"Startseite","item":"https:\/\/ogv-wolnzach.de\/"},{"@type":"ListItem","position":2,"name":"Impressum"}]},{"@type":"WebSite","@id":"https:\/\/ogv-wolnzach.de\/#website","url":"https:\/\/ogv-wolnzach.de\/","name":"Obst- und Gartenbauverein Wolnzach","description":"","publisher":{"@id":"https:\/\/ogv-wolnzach.de\/#organization"},"potentialAction":[{"@type":"SearchAction","target":{"@type":"EntryPoint","urlTemplate":"https:\/\/ogv-wolnzach.de\/?s={search_term_string}"},"query-input":{"@type":"PropertyValueSpecification","valueRequired":true,"valueName":"search_term_string"}}],"inLanguage":"de"},{"@type":"Organization","@id":"https:\/\/ogv-wolnzach.de\/#organization","name":"Obst- und Gartenbauverein Wolnzach","url":"https:\/\/ogv-wolnzach.de\/","logo":{"@type":"ImageObject","inLanguage":"de","@id":"https:\/\/ogv-wolnzach.de\/#\/schema\/logo\/image\/","url":"https:\/\/ogv-wolnzach.de\/wp-content\/uploads\/2024\/01\/cropped-Logo-rund-frei-1.png","contentUrl":"https:\/\/ogv-wolnzach.de\/wp-content\/uploads\/2024\/01\/cropped-Logo-rund-frei-1.png","width":987,"height":987,"caption":"Obst- und Gartenbauverein Wolnzach"},"image":{"@id":"https:\/\/ogv-wolnzach.de\/#\/schema\/logo\/image\/"}}]}},"_links":{"self":[{"href":"https:\/\/ogv-wolnzach.de\/index.php?rest_route=\/wp\/v2\/pages\/196","targetHints":{"allow":["GET"]}}],"collection":[{"href":"https:\/\/ogv-wolnzach.de\/index.php?rest_route=\/wp\/v2\/pages"}],"about":[{"href":"https:\/\/ogv-wolnzach.de\/index.php?rest_route=\/wp\/v2\/types\/page"}],"author":[{"embeddable":true,"href":"https:\/\/ogv-wolnzach.de\/index.php?rest_route=\/wp\/v2\/users\/1"}],"replies":[{"embeddable":true,"href":"https:\/\/ogv-wolnzach.de\/index.php?rest_route=%2Fwp%2Fv2%2Fcomments&post=196"}],"version-history":[{"count":23,"href":"https:\/\/ogv-wolnzach.de\/index.php?rest_route=\/wp\/v2\/pages\/196\/revisions"}],"predecessor-version":[{"id":2899,"href":"https:\/\/ogv-wolnzach.de\/index.php?rest_route=\/wp\/v2\/pages\/196\/revisions\/2899"}],"wp:attachment":[{"href":"https:\/\/ogv-wolnzach.de\/index.php?rest_route=%2Fwp%2Fv2%2Fmedia&parent=196"}],"curies":[{"name":"wp","href":"https:\/\/api.w.org\/{rel}","templated":true}]}}